{"id":2232,"date":"2022-10-20T19:30:09","date_gmt":"2022-10-20T19:30:09","guid":{"rendered":"https:\/\/stage.boattripbarcelona.com\/terms-and-conditions\/"},"modified":"2022-10-20T20:47:49","modified_gmt":"2022-10-20T20:47:49","slug":"terminos-y-condiciones","status":"publish","type":"page","link":"https:\/\/boattripbarcelona.com\/es\/terminos-y-condiciones\/","title":{"rendered":"T\u00e9rminos y condiciones"},"content":{"rendered":"<div data-elementor-type=\"wp-page\" data-elementor-id=\"2232\" class=\"elementor elementor-2232\" data-elementor-settings=\"{&quot;ha_cmc_init_switcher&quot;:&quot;no&quot;}\" data-elementor-post-type=\"page\">\n\t\t\t\t\t\t<section class=\"elementor-section elementor-top-section elementor-element elementor-element-cc94800 elementor-section-height-min-height elementor-section-boxed elementor-section-height-default elementor-section-items-middle\" data-id=\"cc94800\" data-element_type=\"section\" data-e-type=\"section\" data-settings=\"{&quot;background_background&quot;:&quot;classic&quot;,&quot;_ha_eqh_enable&quot;:false}\">\n\t\t\t\t\t\t\t<div class=\"elementor-background-overlay\"><\/div>\n\t\t\t\t\t\t\t<div class=\"elementor-container elementor-column-gap-default\">\n\t\t\t\t\t<div class=\"elementor-column elementor-col-100 elementor-top-column elementor-element elementor-element-69158c8\" data-id=\"69158c8\" data-element_type=\"column\" data-e-type=\"column\">\n\t\t\t<div class=\"elementor-widget-wrap elementor-element-populated\">\n\t\t\t\t\t\t<div class=\"elementor-element elementor-element-92c0406 elementor-widget elementor-widget-heading\" data-id=\"92c0406\" data-element_type=\"widget\" data-e-type=\"widget\" data-widget_type=\"heading.default\">\n\t\t\t\t<div class=\"elementor-widget-container\">\n\t\t\t\t\t<h1 class=\"elementor-heading-title elementor-size-default\">T\u00e9rminos y condiciones<\/h1>\t\t\t\t<\/div>\n\t\t\t\t<\/div>\n\t\t\t\t<div class=\"elementor-element elementor-element-5551fb5 breadcrumbs elementor-widget elementor-widget-shortcode\" data-id=\"5551fb5\" data-element_type=\"widget\" data-e-type=\"widget\" data-widget_type=\"shortcode.default\">\n\t\t\t\t<div class=\"elementor-widget-container\">\n\t\t\t\t\t\t\t<div class=\"elementor-shortcode\"><nav aria-label=\"pan rallado\" class=\"rank-math-breadcrumb\"><p><span class=\"last\">Hogar<\/span><\/p><\/nav><\/div>\n\t\t\t\t\t\t<\/div>\n\t\t\t\t<\/div>\n\t\t\t\t\t<\/div>\n\t\t<\/div>\n\t\t\t\t\t<\/div>\n\t\t<\/section>\n\t\t\t\t<section class=\"elementor-section elementor-top-section elementor-element elementor-element-ef32fc6 elementor-section-boxed elementor-section-height-default elementor-section-height-default\" data-id=\"ef32fc6\" data-element_type=\"section\" data-e-type=\"section\" data-settings=\"{&quot;_ha_eqh_enable&quot;:false}\">\n\t\t\t\t\t\t<div class=\"elementor-container elementor-column-gap-default\">\n\t\t\t\t\t<div class=\"elementor-column elementor-col-100 elementor-top-column elementor-element elementor-element-514fea1\" data-id=\"514fea1\" data-element_type=\"column\" data-e-type=\"column\">\n\t\t\t<div class=\"elementor-widget-wrap elementor-element-populated\">\n\t\t\t\t\t\t<div class=\"elementor-element elementor-element-670e6e8 elementor-widget elementor-widget-text-editor\" data-id=\"670e6e8\" data-element_type=\"widget\" data-e-type=\"widget\" data-widget_type=\"text-editor.default\">\n\t\t\t\t<div class=\"elementor-widget-container\">\n\t\t\t\t\t\t\t\t\t<p><strong><span>1. Titularidad de la p\u00e1gina web<\/span><\/strong><span> La presenta p\u00e1gina web es propiedad de <\/span><strong><em><span>EXPERIENCIA DE NAVEGACI\u00d3N HOLIDAY SL<\/span><\/em><\/strong><span> , domicilio social en Avda monasterio de silos 53 portal G 4A, 28049 madrid, B87671889, direcci\u00f3n de correo electr\u00f3nico <\/span><span>INFO@SAILEXPERIENCEBCN.COM <\/span> <span>, inscrita en el tomo 35219, folio 24, secci\u00f3n 8, hoja 633291. Esta p\u00e1gina web contiene informaci\u00f3n comercial de cursos deportivos y actividades.<\/span><\/p>\n<p><strong><span>2. Propiedad intelectual de la web<\/span><\/strong><span> Todos los derechos de propiedad intelectual del contenido de esta p\u00e1gina web y su dise\u00f1o gr\u00e1fico, son propiedad exclusiva de SAIL EXPERIENCE HOLIDAY SL y es a quien le corresponde el ejercicio exclusivo de los derechos de explotaci\u00f3n de los mismos. As\u00ed, queda prohibida su reproducci\u00f3n, distribuci\u00f3n, comunicaci\u00f3n p\u00fablica y modificaci\u00f3n, total o parcial, sin previa autorizaci\u00f3n expresa de SAIL EXPERIENCE HOLIDAY SL. De igual forma, todos los signos distintivos, marcas, nombres comerciales o signos de cualquier clase contenidos en esta p\u00e1gina web est\u00e1n protegidos por ley.<\/span><\/p>\n<p><strong><span>3. Contenido de la web y enlaces<\/span><\/strong><span> SAIL EXPERIENCE HOLIDAY SL. No se responsabiliza del mal uso que se realice de los contenidos de su p\u00e1gina web, siendo responsabilidad exclusiva de la persona que acceda a ellos o los utilice. Tampoco asume ninguna responsabilidad por la informaci\u00f3n contenida en las p\u00e1ginas web de terceros. La presencia de estos enlaces tiene una finalidad informativa, y no constituye en ning\u00fan caso una invitaci\u00f3n a la contrataci\u00f3n de productos o servicios que se puedan ofrecer en la p\u00e1gina web de destino. En el caso de que SAIL EXPERIENCE HOLIDAY SL tuviera conocimiento efectivo de que la actividad o la informaci\u00f3n a la que remiten estos enlaces es il\u00edcita, constitutiva de delito o que puede lesionar bienes o derechos de terceros susceptibles de indemnizaci\u00f3n, actuar\u00e1 con la diligencia necesaria para suprimir o inutilizar el enlace correspondiente a la mayor brevedad posible.<\/span><\/p>\n<p><strong><span>4. Actualizaci\u00f3n y modificaci\u00f3n de la p\u00e1gina web<\/span><\/strong><span> SAIL EXPERIENCE HOLIDAY SL se reserva el derecho de actualizar, modificar o eliminar la informaci\u00f3n contenida en su p\u00e1gina web y su configuraci\u00f3n o presentaci\u00f3n, en cualquier momento, sin previo aviso y sin asumir ning\u00fan tipo de responsabilidad por hacerlo.<\/span><\/p>\n<p><strong><span>5. Indicaciones sobre aspectos t\u00e9cnicos<\/span><\/strong><span> SAIL EXPERIENCE HOLIDAY SL no asume responsabilidad alguna derivada de problemas t\u00e9cnicos o fallos en los equipos inform\u00e1ticos, que se produzcan durante la conexi\u00f3n a Internet, o que puedan ser originados por terceras personas a trav\u00e9s de intromisiones ileg\u00edtimas fuera de su control. Desde SAIL EXPERIENCE HOLIDAY SL no se garantiza la ausencia de virus y otros elementos que puedan causar da\u00f1os en los sistemas inform\u00e1ticos o los documentos electr\u00f3nicos de esta p\u00e1gina web o de p\u00e1ginas web de terceros, y no se responsabiliza de los da\u00f1os y perjuicios que se puedan llegar a producir por estos motivos. De igual forma, no se responsabiliza ante posibles da\u00f1os y perjuicios que puedan afectar al usuario como consecuencia de errores, defectos u omisiones en la informaci\u00f3n que facilitan cuando procede de terceras fuentes.<\/span><\/p>\n<p><strong><span>6. Legislaci\u00f3n y jurisdicci\u00f3n aplicables<\/span><\/strong><span> Ambas partes, se someten a los Juzgados y Tribunales que corresponden en base a la legislaci\u00f3n que sea de aplicaci\u00f3n, para tratar las divergencias derivadas de la interpretaci\u00f3n y aplicaci\u00f3n del presente contrato. od\u00e9is leer en estas dos otras p\u00e1ginas de nuestra <\/span><strong><span>Privacidad y cookies<\/span><\/strong><span> pol\u00edtica y nuestra <\/span><strong><span>pol\u00edtica de devoluciones<\/span><\/strong><span> En estas otras dos p\u00e1ginas, el usuario puede utilizar una <\/span><strong><span>formulario de reclamaci\u00f3n<\/span><\/strong><span> proporcionada por la Generalitat de Catalu\u00f1a.<\/span><\/p>\n\t\t\t\t\t\t\t\t<\/div>\n\t\t\t\t<\/div>\n\t\t\t\t\t<\/div>\n\t\t<\/div>\n\t\t\t\t\t<\/div>\n\t\t<\/section>\n\t\t\t\t<\/div>","protected":false},"excerpt":{"rendered":"<p>1. Titularidad de la p\u00e1gina web La presenta p\u00e1gina web es propiedad de SAIL EXPERIENCE HOLIDAY SL , domicilio social en Avda monasterio de silos 53 portal G 4A, 28049 madrid, B87671889, direcci\u00f3n de correo electr\u00f3nico INFO@SAILEXPERIENCEBCN.COM , inscrita en el tomo 35219, folio 24, secci\u00f3n 8, hoja 633291. Esta p\u00e1gina web contiene informaci\u00f3n comercial &#8230; <a title=\"T\u00e9rminos y condiciones\" class=\"read-more\" href=\"https:\/\/boattripbarcelona.com\/es\/terminos-y-condiciones\/\" aria-label=\"Leer m\u00e1s sobre T\u00e9rminos y Condiciones\">Leer m\u00e1s<\/a><\/p>","protected":false},"author":1,"featured_media":0,"parent":0,"menu_order":0,"comment_status":"closed","ping_status":"closed","template":"","meta":{"footnotes":""},"class_list":["post-2232","page","type-page","status-publish"],"jetpack_sharing_enabled":true,"_links":{"self":[{"href":"https:\/\/boattripbarcelona.com\/es\/wp-json\/wp\/v2\/pages\/2232","targetHints":{"allow":["GET"]}}],"collection":[{"href":"https:\/\/boattripbarcelona.com\/es\/wp-json\/wp\/v2\/pages"}],"about":[{"href":"https:\/\/boattripbarcelona.com\/es\/wp-json\/wp\/v2\/types\/page"}],"author":[{"embeddable":true,"href":"https:\/\/boattripbarcelona.com\/es\/wp-json\/wp\/v2\/users\/1"}],"replies":[{"embeddable":true,"href":"https:\/\/boattripbarcelona.com\/es\/wp-json\/wp\/v2\/comments?post=2232"}],"version-history":[{"count":0,"href":"https:\/\/boattripbarcelona.com\/es\/wp-json\/wp\/v2\/pages\/2232\/revisions"}],"wp:attachment":[{"href":"https:\/\/boattripbarcelona.com\/es\/wp-json\/wp\/v2\/media?parent=2232"}],"curies":[{"name":"gracias","href":"https:\/\/api.w.org\/{rel}","templated":true}]}}