{"id":3,"date":"2022-07-27T20:35:01","date_gmt":"2022-07-27T20:35:01","guid":{"rendered":"https:\/\/stage.boattripbarcelona.com\/?page_id=3"},"modified":"2023-10-24T07:38:35","modified_gmt":"2023-10-24T06:38:35","slug":"politica-de-privacidad","status":"publish","type":"page","link":"https:\/\/boattripbarcelona.com\/es\/politica-de-privacidad\/","title":{"rendered":"pol\u00edtica de privacidad"},"content":{"rendered":"<div data-elementor-type=\"wp-page\" data-elementor-id=\"3\" class=\"elementor elementor-3\" data-elementor-settings=\"{&quot;ha_cmc_init_switcher&quot;:&quot;no&quot;}\" data-elementor-post-type=\"page\">\n\t\t\t\t\t\t<section class=\"elementor-section elementor-top-section elementor-element elementor-element-10ff583 elementor-section-height-min-height elementor-section-boxed elementor-section-height-default elementor-section-items-middle\" data-id=\"10ff583\" data-element_type=\"section\" data-e-type=\"section\" data-settings=\"{&quot;background_background&quot;:&quot;classic&quot;,&quot;_ha_eqh_enable&quot;:false}\">\n\t\t\t\t\t\t\t<div class=\"elementor-background-overlay\"><\/div>\n\t\t\t\t\t\t\t<div class=\"elementor-container elementor-column-gap-default\">\n\t\t\t\t\t<div class=\"elementor-column elementor-col-100 elementor-top-column elementor-element elementor-element-b32fa72\" data-id=\"b32fa72\" data-element_type=\"column\" data-e-type=\"column\">\n\t\t\t<div class=\"elementor-widget-wrap elementor-element-populated\">\n\t\t\t\t\t\t<div class=\"elementor-element elementor-element-a697740 elementor-widget elementor-widget-heading\" data-id=\"a697740\" data-element_type=\"widget\" data-e-type=\"widget\" data-widget_type=\"heading.default\">\n\t\t\t\t<div class=\"elementor-widget-container\">\n\t\t\t\t\t<h1 class=\"elementor-heading-title elementor-size-default\">pol\u00edtica de privacidad<\/h1>\t\t\t\t<\/div>\n\t\t\t\t<\/div>\n\t\t\t\t<div class=\"elementor-element elementor-element-bc6f1d5 breadcrumbs elementor-widget elementor-widget-shortcode\" data-id=\"bc6f1d5\" data-element_type=\"widget\" data-e-type=\"widget\" data-widget_type=\"shortcode.default\">\n\t\t\t\t<div class=\"elementor-widget-container\">\n\t\t\t\t\t\t\t<div class=\"elementor-shortcode\"><nav aria-label=\"pan rallado\" class=\"rank-math-breadcrumb\"><p><span class=\"last\">Hogar<\/span><\/p><\/nav><\/div>\n\t\t\t\t\t\t<\/div>\n\t\t\t\t<\/div>\n\t\t\t\t\t<\/div>\n\t\t<\/div>\n\t\t\t\t\t<\/div>\n\t\t<\/section>\n\t\t\t\t<section class=\"elementor-section elementor-top-section elementor-element elementor-element-f46d36b elementor-section-boxed elementor-section-height-default elementor-section-height-default\" data-id=\"f46d36b\" data-element_type=\"section\" data-e-type=\"section\" data-settings=\"{&quot;_ha_eqh_enable&quot;:false}\">\n\t\t\t\t\t\t<div class=\"elementor-container elementor-column-gap-default\">\n\t\t\t\t\t<div class=\"elementor-column elementor-col-100 elementor-top-column elementor-element elementor-element-a071007\" data-id=\"a071007\" data-element_type=\"column\" data-e-type=\"column\">\n\t\t\t<div class=\"elementor-widget-wrap elementor-element-populated\">\n\t\t\t\t\t\t<div class=\"elementor-element elementor-element-33bfa02 elementor-widget elementor-widget-text-editor\" data-id=\"33bfa02\" data-element_type=\"widget\" data-e-type=\"widget\" data-widget_type=\"text-editor.default\">\n\t\t\t\t<div class=\"elementor-widget-container\">\n\t\t\t\t\t\t\t\t\t<p><strong>Tratamiento de datos de usuario<\/strong><strong><br \/><\/strong><\/p><ul><li><em style=\"font-size: inherit;\"><strong>SAIL EXPERIENCE HOLIDAY SL incluir\u00e1 los datos facilitados por el usuario en formularios y durante el proceso de compra de cualquier producto en un fichero<\/strong><\/em><span style=\"font-size: inherit;\">\u00a0\u00a0que contar\u00e1 con todas las medidas de seguridad necesarias exigidas por la normativa vigente en materia de Protecci\u00f3n de Datos RGPD. SAIL EXPERIENCE HOLIDAY SL no ceder\u00e1 ni comunicar\u00e1 a terceros los datos recogidos sin el previo consentimiento expreso del usuario. En el caso de que estos datos pudieran ser robados o la web tuviera alg\u00fan fallo de seguridad que considerara que esto se ha producido, SAIL EXPERIENCE HOLIDAY SL se compromete a comunicarlo al alumno en el plazo de 72 horas para que pueda decidir si desea eliminar los datos de nuestro fichero.\u00a0<\/span><\/li><li><em style=\"font-size: inherit;\"><strong>Los datos recopilados por el sitio web est\u00e1n relacionados con la informaci\u00f3n necesaria para el registro.<\/strong><\/em><em style=\"font-size: inherit;\"><strong>y expedici\u00f3n de t\u00edtulos n\u00e1uticos.\u00a0<\/strong><\/em><span style=\"font-size: inherit;\">En concreto, s\u00f3lo se recogen datos relativos a la identificaci\u00f3n del alumno (nombres, apellidos, direcciones y n\u00fameros de documento de identidad en la p\u00e1gina \u201cFinalizar pedido\u201d del proceso de compra) y datos de preferencia de cursos y otras actividades en esta misma p\u00e1gina y en los formularios que se encuentran en todas las p\u00e1ginas web. Los usuarios menores de 16 a\u00f1os s\u00f3lo deben facilitar sus datos con el consentimiento de sus padres o tutores legales. Nuestra web puede contener enlaces a otras p\u00e1ginas. No nos hacemos responsables del tratamiento de sus datos en estos sitios de terceros ni de su cumplimiento de las disposiciones en materia de protecci\u00f3n de datos. Por favor, tenga en cuenta la Informaci\u00f3n sobre Protecci\u00f3n de Datos que le faciliten.\u00a0<\/span><\/li><li><strong style=\"font-size: inherit;\"><em>Los datos recogidos por el sitio web se almacenar\u00e1n indefinidamente con fines \u00fanicamente informativos y comerciales de los productos y servicios n\u00e1uticos de la empresa.<\/em>\u00a0<\/strong><span style=\"font-size: inherit;\">En concreto, resulta imprescindible guardar los datos personales para poder notificar al usuario el estado actual de su carrera acad\u00e9mica, cambios en la normativa, nuevos servicios n\u00e1uticos y otras novedades que puedan ser de su inter\u00e9s como titulado o usuario n\u00e1utico. Cuando el usuario facilita sus datos a trav\u00e9s de nuestra direcci\u00f3n de correo electr\u00f3nico o formulario de contacto, autoriza expresamente a SAIL EXPERIENCE HOLIDAY SL a almacenar y tratar indefinidamente sus Datos Personales con la finalidad de atender sus solicitudes de servicios o consultas y, en caso de suscribirse a nuestras newsletters, para remitirle informaci\u00f3n relacionada con los servicios ofrecidos por la empresa.\u00a0<\/span><\/li><li><em style=\"font-size: inherit;\"><strong>Derecho del usuario a solicitar dichos datos y cancelarlos.\u00a0<\/strong><\/em><span style=\"font-size: inherit;\">El usuario podr\u00e1 ejercitar sus derechos de acceso, rectificaci\u00f3n, cancelaci\u00f3n y oposici\u00f3n, dirigi\u00e9ndose por escrito a SAIL EXPERIENCE HOLIDAY SL, Responsable del Fichero, sito en Avda monasterio de silos 53 portal G 4A, 28049 Madrid, o a la direcci\u00f3n de correo electr\u00f3nico\u00a0<\/span><span style=\"font-size: inherit;\">INFO@SAILEXPERIENCEBCN.COM.<\/span><span style=\"font-size: inherit;\">\u00a0\u00a0<\/span><\/li><\/ul><ul><li><strong>Uso de cookies <\/strong><em style=\"font-size: inherit;\"><strong>Este sitio web utiliza cookies para realizar an\u00e1lisis de procesos automatizados con Google Analytics.\u00a0<\/strong>\u00a0<\/em><span style=\"font-size: inherit;\">Las cookies se asocian \u00fanicamente con el navegador de un ordenador determinado y no proporcionan por s\u00ed mismas ning\u00fan dato personal del usuario. El Usuario puede configurar su navegador para ser avisado en pantalla de la recepci\u00f3n de cookies y para impedir la instalaci\u00f3n de cookies en su disco duro, si bien si opta por desactivar el uso de cookies, el funcionamiento de esta p\u00e1gina web puede verse afectado. Consulte las instrucciones y manuales de su navegador para ampliar esta informaci\u00f3n.\u00a0\u00a0<\/span><\/li><\/ul><ul><li><strong>Redes sociales <\/strong>A trav\u00e9s de nuestra p\u00e1gina web podr\u00e1s acceder a las redes sociales Facebook, Twitter o Youtube con acceso abierto a todos los usuarios.\u00a0<span style=\"font-size: inherit;\">Se trata de sitios web donde el usuario podr\u00e1 registrarse y seguirnos de forma gratuita.\u00a0<\/span><span style=\"font-size: inherit;\">En estas redes sociales los usuarios podr\u00e1n conocer nuestras actividades, opiniones, acceder a fotos y v\u00eddeos.\u00a0<\/span><span style=\"font-size: inherit;\">Los usuarios de estas redes sociales deben ser conscientes de que este lugar es independiente de la web https:\/\/anclademia.com y es abierto, es decir, es visible para todos sus usuarios, y las pol\u00edticas de privacidad a aplicar a estos contenidos son las fijadas por Facebook, Twitter o Youtube.\u00a0<\/span><span style=\"font-size: inherit;\">SAIL EXPERIENCE HOLIDAY SL no es titular de dichas redes sociales.\u00a0 \u00a0 \u00a0\u00a0<\/span><\/li><\/ul><p><strong>Derechos del usuario<\/strong><\/p><ol><li><strong>Derecho de acceso a la informaci\u00f3n sobre sus datos<br \/><\/strong>Si lo solicita, le proporcionaremos informaci\u00f3n sobre los datos que tenemos sobre usted.<\/li><\/ol><ol start=\"2\"><li><strong>Derecho a rectificar sus datos<br \/><\/strong>Cuando nos lo notifique, corregiremos cualquier dato personal inexacto que le concierna.\u00a0<span style=\"font-size: inherit;\">Si lo solicitas, completaremos los datos personales que sean incompletos, siempre que sea necesario para la finalidad prevista para el tratamiento de tus datos.<\/span><\/li><\/ol><ol start=\"3\"><li><strong>Derecho a eliminar sus datos<br \/><\/strong>Si lo solicita, eliminaremos los datos que tenemos sobre usted.\u00a0<span style=\"font-size: inherit;\">Sin embargo, algunos datos solo se eliminar\u00e1n despu\u00e9s de un cierto per\u00edodo de retenci\u00f3n, por ejemplo, cuando deben conservarse para el cumplimiento de una obligaci\u00f3n legal o porque necesitamos los datos para cumplir obligaciones contractuales hacia usted.<\/span><\/li><\/ol><ol start=\"4\"><li><strong>Derecho a bloquear sus datos<br \/><\/strong>En aquellos casos en los que la legislaci\u00f3n permita la limitaci\u00f3n en el tratamiento de sus datos, \u00e9stos ser\u00e1n bloqueados.<\/li><\/ol><ol start=\"5\"><li><strong>Derecho a retirar su consentimiento<br \/><\/strong>En cualquier momento, usted podr\u00e1 retirar el consentimiento prestado para el tratamiento de sus datos, surtiendo efecto desde ese momento.\u00a0<span style=\"font-size: inherit;\">Esto no afectar\u00e1 a la legalidad del tratamiento efectuado hasta entonces.<\/span><\/li><\/ol><ol start=\"6\"><li><strong>Derecho a oponerse al tratamiento de sus datos<br \/><\/strong>Usted tendr\u00e1 derecho a oponerse en cualquier momento a que sus datos personales sean tratados con base en lo dispuesto en el art\u00edculo 6, apartado 1, letras e) y f) del Reglamento (UE) 2016\/679.\u00a0<span style=\"font-size: inherit;\">Si usted se opone, dejaremos de procesar los datos personales, siempre que no existan motivos leg\u00edtimos imperiosos para continuar el procesamiento.\u00a0<\/span><span style=\"font-size: inherit;\">Para nosotros, el tratamiento de sus datos con fines de marketing directo nunca constituir\u00e1 un motivo leg\u00edtimo imperioso.<\/span><\/li><\/ol><ol start=\"7\"><li><strong>Derecho a la portabilidad<br \/><\/strong>Si lo solicita, pondremos a su disposici\u00f3n sus datos personales en un formato estructurado, de uso com\u00fan y lectura mec\u00e1nica.<\/li><\/ol><ol start=\"8\"><li><strong>Derecho a reclamar ante una autoridad de control<br \/><\/strong>Puede presentar una reclamaci\u00f3n en materia de protecci\u00f3n de datos ante la autoridad de control competente. Para ello, p\u00f3ngase en contacto con la autoridad de protecci\u00f3n de datos de su lugar de residencia o con la autoridad de protecci\u00f3n de datos de nuestra jurisdicci\u00f3n (citada a continuaci\u00f3n).\u00a0<strong style=\"font-size: inherit;\">Agencia Espa\u00f1ola de Protecci\u00f3n de Datos (AEPD)\u00a0<\/strong><span style=\"font-size: inherit;\">\u00a0<\/span><a style=\"font-size: inherit;\" href=\"https:\/\/www.agpd.es\/\" target=\"_blank\" rel=\"noopener nofollow\">www.agpd.es\u00a0<\/a><\/li><\/ol><ol start=\"9\"><li><strong>Informaci\u00f3n de contacto para cualquier consulta sobre protecci\u00f3n de datos<br \/><\/strong>Si tiene alguna duda en materia de protecci\u00f3n de datos o el ejercicio de sus derechos, puede contactar directamente con nuestro Delegado de Protecci\u00f3n de Datos: SAIL EXPERIENCE HOLIDAY SL, Avda monasterio de silos 53 portal G 4A, 28049 Madrid y\u00a0<span style=\"font-size: inherit;\">INFO@SAILEXPERIENCEBCN.COM<\/span><\/li><\/ol><ol start=\"10\"><li><strong>Cambios en esta Informaci\u00f3n sobre Protecci\u00f3n de Datos<br \/><\/strong>Esta Informaci\u00f3n sobre Protecci\u00f3n de Datos refleja la forma actual de procesamiento de datos en nuestro sitio web.\u00a0<span style=\"font-size: inherit;\">En caso de que se produzca cualquier cambio en el tratamiento de los datos, la presente Informaci\u00f3n sobre Protecci\u00f3n de Datos se actualizar\u00e1 seg\u00fan corresponda.\u00a0<\/span><span style=\"font-size: inherit;\">En nuestro sitio web ofrecemos siempre una versi\u00f3n actualizada de esta Informaci\u00f3n sobre Protecci\u00f3n de Datos para que usted conozca el alcance del tratamiento de datos en nuestro sitio web.\u00a0\u00a0<\/span><\/li><\/ol>\t\t\t\t\t\t\t\t<\/div>\n\t\t\t\t<\/div>\n\t\t\t\t\t<\/div>\n\t\t<\/div>\n\t\t\t\t\t<\/div>\n\t\t<\/section>\n\t\t\t\t<\/div>","protected":false},"excerpt":{"rendered":"<p>Tratamiento de datos del usuario. SAIL EXPERIENCE HOLIDAY SL incluir\u00e1 los datos proporcionados por el usuario en formularios y durante el proceso de compra de cualquier producto en un fichero que contar\u00e1 con todas las medidas de seguridad necesarias exigidas por la normativa vigente sobre Protecci\u00f3n de Datos RGPD. SAIL EXPERIENCE HOLIDAY SL no ceder\u00e1 ni comunicar\u00e1 los datos recopilados a\u2026 <a title=\"pol\u00edtica de privacidad\" class=\"read-more\" href=\"https:\/\/boattripbarcelona.com\/es\/politica-de-privacidad\/\" aria-label=\"Leer m\u00e1s sobre Pol\u00edtica de Privacidad\">Leer m\u00e1s<\/a><\/p>","protected":false},"author":1,"featured_media":0,"parent":0,"menu_order":0,"comment_status":"closed","ping_status":"open","template":"","meta":{"footnotes":""},"class_list":["post-3","page","type-page","status-publish"],"jetpack_sharing_enabled":true,"_links":{"self":[{"href":"https:\/\/boattripbarcelona.com\/es\/wp-json\/wp\/v2\/pages\/3","targetHints":{"allow":["GET"]}}],"collection":[{"href":"https:\/\/boattripbarcelona.com\/es\/wp-json\/wp\/v2\/pages"}],"about":[{"href":"https:\/\/boattripbarcelona.com\/es\/wp-json\/wp\/v2\/types\/page"}],"author":[{"embeddable":true,"href":"https:\/\/boattripbarcelona.com\/es\/wp-json\/wp\/v2\/users\/1"}],"replies":[{"embeddable":true,"href":"https:\/\/boattripbarcelona.com\/es\/wp-json\/wp\/v2\/comments?post=3"}],"version-history":[{"count":0,"href":"https:\/\/boattripbarcelona.com\/es\/wp-json\/wp\/v2\/pages\/3\/revisions"}],"wp:attachment":[{"href":"https:\/\/boattripbarcelona.com\/es\/wp-json\/wp\/v2\/media?parent=3"}],"curies":[{"name":"gracias","href":"https:\/\/api.w.org\/{rel}","templated":true}]}}