{"id":34,"date":"2022-08-08T22:36:30","date_gmt":"2022-08-08T22:36:30","guid":{"rendered":"https:\/\/stage.boattripbarcelona.com\/?page_id=34"},"modified":"2022-11-03T20:30:22","modified_gmt":"2022-11-03T20:30:22","slug":"sostenibilidad-2","status":"publish","type":"page","link":"https:\/\/boattripbarcelona.com\/es\/sostenibilidad-2\/","title":{"rendered":"Sostenibilidad"},"content":{"rendered":"<div data-elementor-type=\"wp-page\" data-elementor-id=\"34\" class=\"elementor elementor-34\" data-elementor-settings=\"{&quot;ha_cmc_init_switcher&quot;:&quot;no&quot;}\" data-elementor-post-type=\"page\">\n\t\t\t\t\t\t<section class=\"elementor-section elementor-top-section elementor-element elementor-element-386f4a7 elementor-section-height-min-height elementor-section-boxed elementor-section-height-default elementor-section-items-middle\" data-id=\"386f4a7\" data-element_type=\"section\" data-e-type=\"section\" data-settings=\"{&quot;background_background&quot;:&quot;classic&quot;,&quot;_ha_eqh_enable&quot;:false}\">\n\t\t\t\t\t\t\t<div class=\"elementor-background-overlay\"><\/div>\n\t\t\t\t\t\t\t<div class=\"elementor-container elementor-column-gap-default\">\n\t\t\t\t\t<div class=\"elementor-column elementor-col-100 elementor-top-column elementor-element elementor-element-9ab08ad\" data-id=\"9ab08ad\" data-element_type=\"column\" data-e-type=\"column\">\n\t\t\t<div class=\"elementor-widget-wrap elementor-element-populated\">\n\t\t\t\t\t\t<div class=\"elementor-element elementor-element-098d595 elementor-widget elementor-widget-heading\" data-id=\"098d595\" data-element_type=\"widget\" data-e-type=\"widget\" data-widget_type=\"heading.default\">\n\t\t\t\t<div class=\"elementor-widget-container\">\n\t\t\t\t\t<h1 class=\"elementor-heading-title elementor-size-default\">Sostenibilidad<\/h1>\t\t\t\t<\/div>\n\t\t\t\t<\/div>\n\t\t\t\t<div class=\"elementor-element elementor-element-b163ac4 breadcrumbs elementor-widget elementor-widget-shortcode\" data-id=\"b163ac4\" data-element_type=\"widget\" data-e-type=\"widget\" data-widget_type=\"shortcode.default\">\n\t\t\t\t<div class=\"elementor-widget-container\">\n\t\t\t\t\t\t\t<div class=\"elementor-shortcode\"><nav aria-label=\"pan rallado\" class=\"rank-math-breadcrumb\"><p><span class=\"last\">Hogar<\/span><\/p><\/nav><\/div>\n\t\t\t\t\t\t<\/div>\n\t\t\t\t<\/div>\n\t\t\t\t<div class=\"elementor-element elementor-element-889e306 elementor-widget elementor-widget-text-editor\" data-id=\"889e306\" data-element_type=\"widget\" data-e-type=\"widget\" data-widget_type=\"text-editor.default\">\n\t\t\t\t<div class=\"elementor-widget-container\">\n\t\t\t\t\t\t\t\t\tEl oc\u00e9ano es uno de los lugares m\u00e1s importantes del planeta Tierra y hogar de miles de especies diferentes de plantas y animales.\t\t\t\t\t\t\t\t<\/div>\n\t\t\t\t<\/div>\n\t\t\t\t\t<\/div>\n\t\t<\/div>\n\t\t\t\t\t<\/div>\n\t\t<\/section>\n\t\t\t\t<section class=\"elementor-section elementor-top-section elementor-element elementor-element-5261114 elementor-section-boxed elementor-section-height-default elementor-section-height-default\" data-id=\"5261114\" data-element_type=\"section\" data-e-type=\"section\" data-settings=\"{&quot;_ha_eqh_enable&quot;:false}\">\n\t\t\t\t\t\t<div class=\"elementor-container elementor-column-gap-default\">\n\t\t\t\t\t<div class=\"elementor-column elementor-col-100 elementor-top-column elementor-element elementor-element-4e604e9\" data-id=\"4e604e9\" data-element_type=\"column\" data-e-type=\"column\">\n\t\t\t<div class=\"elementor-widget-wrap elementor-element-populated\">\n\t\t\t\t\t\t<div class=\"elementor-element elementor-element-c0083db elementor-widget elementor-widget-text-editor\" data-id=\"c0083db\" data-element_type=\"widget\" data-e-type=\"widget\" data-widget_type=\"text-editor.default\">\n\t\t\t\t<div class=\"elementor-widget-container\">\n\t\t\t\t\t\t\t\t\tA menudo hablamos del mar y del oc\u00e9ano como si fueran sin\u00f3nimos, pero en realidad no son lo mismo. Mientras que el oc\u00e9ano es toda la masa de agua que rodea la tierra en la Tierra, un mar es una secci\u00f3n m\u00e1s peque\u00f1a del oc\u00e9ano que normalmente est\u00e1 contenida en cierta medida por la tierra.\t\t\t\t\t\t\t\t<\/div>\n\t\t\t\t<\/div>\n\t\t\t\t<div class=\"elementor-element elementor-element-810d081 elementor-widget elementor-widget-heading\" data-id=\"810d081\" data-element_type=\"widget\" data-e-type=\"widget\" data-widget_type=\"heading.default\">\n\t\t\t\t<div class=\"elementor-widget-container\">\n\t\t\t\t\t<h2 class=\"elementor-heading-title elementor-size-default\">\u00bfPor qu\u00e9 son importantes los oc\u00e9anos? <\/h2>\t\t\t\t<\/div>\n\t\t\t\t<\/div>\n\t\t\t\t<div class=\"elementor-element elementor-element-e4efe54 elementor-widget elementor-widget-text-editor\" data-id=\"e4efe54\" data-element_type=\"widget\" data-e-type=\"widget\" data-widget_type=\"text-editor.default\">\n\t\t\t\t<div class=\"elementor-widget-container\">\n\t\t\t\t\t\t\t\t\tLos oc\u00e9anos son sumamente importantes por muchas razones, pero las dividiremos en tres categor\u00edas principales: el clima, los ecosistemas de la Tierra y nuestras econom\u00edas y medios de vida. Esta no ser\u00e1 una lista exhaustiva, pero puede ayudarte a entender por qu\u00e9 los oc\u00e9anos son tan vitales.\t\t\t\t\t\t\t\t<\/div>\n\t\t\t\t<\/div>\n\t\t\t\t<div class=\"elementor-element elementor-element-6a46081 elementor-widget elementor-widget-heading\" data-id=\"6a46081\" data-element_type=\"widget\" data-e-type=\"widget\" data-widget_type=\"heading.default\">\n\t\t\t\t<div class=\"elementor-widget-container\">\n\t\t\t\t\t<h2 class=\"elementor-heading-title elementor-size-default\">Clima<\/h2>\t\t\t\t<\/div>\n\t\t\t\t<\/div>\n\t\t\t\t<div class=\"elementor-element elementor-element-bfca0a6 elementor-widget elementor-widget-text-editor\" data-id=\"bfca0a6\" data-element_type=\"widget\" data-e-type=\"widget\" data-widget_type=\"text-editor.default\">\n\t\t\t\t<div class=\"elementor-widget-container\">\n\t\t\t\t\t\t\t\t\t<p>Es posible que ya hayas o\u00eddo que el calentamiento del oc\u00e9ano contribuye en gran medida al cambio clim\u00e1tico, pero vamos a profundizar un poco m\u00e1s en este tema. El oc\u00e9ano tiene propiedades absorbentes, comparables a las de una esponja, lo que significa que puede absorber el exceso de calor del sistema clim\u00e1tico. Aunque se trata de una cualidad muy \u00fatil, tambi\u00e9n significa que la temperatura del mar ha aumentado casi 1 grado cent\u00edgrado durante el \u00faltimo siglo.<\/p><p>El oc\u00e9ano es un ecosistema esencial y cualquier cambio en su estado natural puede provocar alteraciones en la vida silvestre.<\/p><p>En un nivel m\u00e1s humano, el oc\u00e9ano tambi\u00e9n es un recurso incre\u00edble para nuestra salud f\u00edsica y mental. Pasar tiempo en el mar es un proceso relajante, inspirador y, a veces, curativo.<\/p><p>La sostenibilidad de los oc\u00e9anos consiste en abordar la gesti\u00f3n de los oc\u00e9anos de una manera que los proteja y proteja los servicios que prestan. Los oc\u00e9anos son esenciales para el planeta Tierra y las zonas costeras, en particular, contienen una amplia gama de h\u00e1bitats y ecosistemas diferentes.<\/p>\t\t\t\t\t\t\t\t<\/div>\n\t\t\t\t<\/div>\n\t\t\t\t<div class=\"elementor-element elementor-element-4d8e3b3 elementor-widget elementor-widget-heading\" data-id=\"4d8e3b3\" data-element_type=\"widget\" data-e-type=\"widget\" data-widget_type=\"heading.default\">\n\t\t\t\t<div class=\"elementor-widget-container\">\n\t\t\t\t\t<h2 class=\"elementor-heading-title elementor-size-default\">\u00bfSe han establecido actualmente \u00e1reas protegidas en alta mar internacional?<\/h2>\t\t\t\t<\/div>\n\t\t\t\t<\/div>\n\t\t\t\t<div class=\"elementor-element elementor-element-ee24a43 elementor-widget elementor-widget-text-editor\" data-id=\"ee24a43\" data-element_type=\"widget\" data-e-type=\"widget\" data-widget_type=\"text-editor.default\">\n\t\t\t\t<div class=\"elementor-widget-container\">\n\t\t\t\t\t\t\t\t\t<p>El establecimiento de \u00e1reas protegidas en aguas internacionales sigue estando poco regulado en el derecho del mar. Actualmente no existe ninguna instituci\u00f3n con competencias para proteger una zona mar\u00edtima internacional de arriba a abajo, es decir, desde la superficie del agua hasta el lecho marino. Tampoco existe ning\u00fan marco jur\u00eddico en el que los Estados puedan llegar a un acuerdo vinculante para proteger y abstenerse de utilizar una zona espec\u00edfica del mar. Algunos Estados ribere\u00f1os han establecido \u00e1reas protegidas en sus aguas nacionales, pero actualmente no existen acuerdos similares en alta mar.<\/p>\t\t\t\t\t\t\t\t<\/div>\n\t\t\t\t<\/div>\n\t\t\t\t<div class=\"elementor-element elementor-element-a9d35c1 elementor-widget elementor-widget-heading\" data-id=\"a9d35c1\" data-element_type=\"widget\" data-e-type=\"widget\" data-widget_type=\"heading.default\">\n\t\t\t\t<div class=\"elementor-widget-container\">\n\t\t\t\t\t<h2 class=\"elementor-heading-title elementor-size-default\">\u00bfC\u00f3mo se regul\u00f3 finalmente la explotaci\u00f3n pesquera en Europa?<\/h2>\t\t\t\t<\/div>\n\t\t\t\t<\/div>\n\t\t\t\t<div class=\"elementor-element elementor-element-99d971b elementor-widget elementor-widget-text-editor\" data-id=\"99d971b\" data-element_type=\"widget\" data-e-type=\"widget\" data-widget_type=\"text-editor.default\">\n\t\t\t\t<div class=\"elementor-widget-container\">\n\t\t\t\t\t\t\t\t\t<p>Durante muchos a\u00f1os, la flota pesquera de la UE fue demasiado grande, pero los pol\u00edticos, deseosos de no perder votos, se opusieron vehementemente a cualquier restricci\u00f3n de la pesca, sobre todo en regiones estructuralmente d\u00e9biles. En consecuencia, los totales admisibles de capturas (TAC) anuales fijados por los ministros de pesca para las distintas especies eran mucho m\u00e1s altos que los recomendados por los cient\u00edficos especializados en pesca, lo que dio lugar a la sobreexplotaci\u00f3n progresiva de muchas poblaciones de peces en aguas de la UE. Con la nueva Pol\u00edtica Pesquera Com\u00fan (PPC) de la Uni\u00f3n Europea, la pesca en la UE se basar\u00e1 a partir de ahora en el rendimiento m\u00e1ximo sostenible (RMS). El RMS es la captura m\u00e1xima que se puede obtener de una poblaci\u00f3n de peces durante un per\u00edodo indefinido sin poner en peligro la productividad de esa poblaci\u00f3n. El objetivo es regular la pesca de forma que permita la recuperaci\u00f3n de las poblaciones de peces, lo que permitir\u00e1 que se pesquen a un nivel \u00f3ptimo en el futuro. Aunque todav\u00eda se est\u00e1n debatiendo c\u00f3mo deber\u00eda implementarse la nueva pol\u00edtica pesquera d\u00eda a d\u00eda, se ha dado un paso adelante.<\/p>\t\t\t\t\t\t\t\t<\/div>\n\t\t\t\t<\/div>\n\t\t\t\t<div class=\"elementor-element elementor-element-cfe4c1f elementor-widget elementor-widget-heading\" data-id=\"cfe4c1f\" data-element_type=\"widget\" data-e-type=\"widget\" data-widget_type=\"heading.default\">\n\t\t\t\t<div class=\"elementor-widget-container\">\n\t\t\t\t\t<h2 class=\"elementor-heading-title elementor-size-default\">Problemas actuales que afectan a los oc\u00e9anos y la sostenibilidad <\/h2>\t\t\t\t<\/div>\n\t\t\t\t<\/div>\n\t\t\t\t<div class=\"elementor-element elementor-element-32e9c6c elementor-widget elementor-widget-text-editor\" data-id=\"32e9c6c\" data-element_type=\"widget\" data-e-type=\"widget\" data-widget_type=\"text-editor.default\">\n\t\t\t\t<div class=\"elementor-widget-container\">\n\t\t\t\t\t\t\t\t\t<p>Existen varios problemas importantes que afectan actualmente al oc\u00e9ano. Son cuestiones que debemos afrontar de frente y tratar de encontrar soluciones para el futuro si queremos tener un oc\u00e9ano sostenible. A continuaci\u00f3n, describimos algunos de los problemas m\u00e1s urgentes que enfrentan nuestras aguas.<\/p>\t\t\t\t\t\t\t\t<\/div>\n\t\t\t\t<\/div>\n\t\t\t\t<div class=\"elementor-element elementor-element-285047a elementor-widget elementor-widget-heading\" data-id=\"285047a\" data-element_type=\"widget\" data-e-type=\"widget\" data-widget_type=\"heading.default\">\n\t\t\t\t<div class=\"elementor-widget-container\">\n\t\t\t\t\t<h3 class=\"elementor-heading-title elementor-size-default\">Sobrepesca <\/h3>\t\t\t\t<\/div>\n\t\t\t\t<\/div>\n\t\t\t\t<div class=\"elementor-element elementor-element-1a016a0 elementor-widget elementor-widget-text-editor\" data-id=\"1a016a0\" data-element_type=\"widget\" data-e-type=\"widget\" data-widget_type=\"text-editor.default\">\n\t\t\t\t<div class=\"elementor-widget-container\">\n\t\t\t\t\t\t\t\t\t<p>Obviamente, la sobrepesca puede ser devastadora para los ecosistemas marinos. Hay mucha captura incidental, es decir, cuando criaturas marinas no deseadas son capturadas accidentalmente mientras se pescan diferentes especies. Esto da lugar a una gran cantidad de p\u00e9rdidas de vidas innecesarias. Adem\u00e1s, la sobrepesca es perjudicial para el sustento de muchas personas. Gran parte de la poblaci\u00f3n mundial depende del pescado para obtener prote\u00ednas, pero cada vez es m\u00e1s dif\u00edcil acceder a \u00e9l.<\/p>\t\t\t\t\t\t\t\t<\/div>\n\t\t\t\t<\/div>\n\t\t\t\t<div class=\"elementor-element elementor-element-7ba7a09 elementor-widget elementor-widget-heading\" data-id=\"7ba7a09\" data-element_type=\"widget\" data-e-type=\"widget\" data-widget_type=\"heading.default\">\n\t\t\t\t<div class=\"elementor-widget-container\">\n\t\t\t\t\t<h3 class=\"elementor-heading-title elementor-size-default\">Contaminaci\u00f3n qu\u00edmica<\/h3>\t\t\t\t<\/div>\n\t\t\t\t<\/div>\n\t\t\t\t<div class=\"elementor-element elementor-element-b75eaba elementor-widget elementor-widget-text-editor\" data-id=\"b75eaba\" data-element_type=\"widget\" data-e-type=\"widget\" data-widget_type=\"text-editor.default\">\n\t\t\t\t<div class=\"elementor-widget-container\">\n\t\t\t\t\t\t\t\t\t<ul><li><strong>Entrada directa.\u00a0<\/strong>Esto ocurre cuando los desechos se vierten directamente al oc\u00e9ano, ya sea que provengan de un derrame de petr\u00f3leo o de la eliminaci\u00f3n de aguas residuales. Aunque el oc\u00e9ano es enorme y muchos desechos se dispersan uniformemente en \u00e9l, algunas sustancias qu\u00edmicas son hidr\u00f3fobas. Esto significa que pueden adherirse al fondo del oc\u00e9ano y permanecer all\u00ed durante siglos.<\/li><li><strong>Deposici\u00f3n atmosf\u00e9rica.\u00a0<\/strong>Se liberan al aire una gran cantidad de sustancias qu\u00edmicas, conocidas como sustancias qu\u00edmicas vol\u00e1tiles. Cuando se producen cambios meteorol\u00f3gicos en la presi\u00f3n atmosf\u00e9rica, la humedad o la lluvia, algunas sustancias qu\u00edmicas pueden depositarse en la superficie terrestre, incluido el oc\u00e9ano.<\/li><li><strong>Exposici\u00f3n indirecta.\u00a0<\/strong>Existen muchos tipos diferentes de exposici\u00f3n qu\u00edmica indirecta, como pesticidas y herbicidas que se escurren de la tierra al mar o aguas de escorrent\u00eda de inundaciones que llegan al oc\u00e9ano.<\/li><\/ul>\t\t\t\t\t\t\t\t<\/div>\n\t\t\t\t<\/div>\n\t\t\t\t<div class=\"elementor-element elementor-element-dc68e62 elementor-widget elementor-widget-heading\" data-id=\"dc68e62\" data-element_type=\"widget\" data-e-type=\"widget\" data-widget_type=\"heading.default\">\n\t\t\t\t<div class=\"elementor-widget-container\">\n\t\t\t\t\t<h3 class=\"elementor-heading-title elementor-size-default\">Niveles de carbono <\/h3>\t\t\t\t<\/div>\n\t\t\t\t<\/div>\n\t\t\t\t<div class=\"elementor-element elementor-element-59beb66 elementor-widget elementor-widget-text-editor\" data-id=\"59beb66\" data-element_type=\"widget\" data-e-type=\"widget\" data-widget_type=\"text-editor.default\">\n\t\t\t\t<div class=\"elementor-widget-container\">\n\t\t\t\t\t\t\t\t\t<p>El aumento de carbono en el oc\u00e9ano produce un aumento de iones de hidr\u00f3geno y un pH m\u00e1s bajo. Este proceso se denomina acidificaci\u00f3n de los oc\u00e9anos y tiene muchas repercusiones negativas sobre la vida marina. Un ejemplo es que a los mariscos y los corales les resulta m\u00e1s dif\u00edcil construir y mantener sus caparazones, esqueletos o estructuras.<\/p>\t\t\t\t\t\t\t\t<\/div>\n\t\t\t\t<\/div>\n\t\t\t\t<div class=\"elementor-element elementor-element-107faf2 elementor-widget elementor-widget-heading\" data-id=\"107faf2\" data-element_type=\"widget\" data-e-type=\"widget\" data-widget_type=\"heading.default\">\n\t\t\t\t<div class=\"elementor-widget-container\">\n\t\t\t\t\t<h3 class=\"elementor-heading-title elementor-size-default\">P\u00e9rdida y da\u00f1os del h\u00e1bitat<\/h3>\t\t\t\t<\/div>\n\t\t\t\t<\/div>\n\t\t\t\t<div class=\"elementor-element elementor-element-dd9f512 elementor-widget elementor-widget-text-editor\" data-id=\"dd9f512\" data-element_type=\"widget\" data-e-type=\"widget\" data-widget_type=\"text-editor.default\">\n\t\t\t\t<div class=\"elementor-widget-container\">\n\t\t\t\t\t\t\t\t\t<ul><li>La contaminaci\u00f3n de las f\u00e1bricas y las ciudades est\u00e1 da\u00f1ando los arrecifes, las aves y los peces<\/li><li>Los humedales se est\u00e1n rellenando con fines de desarrollo.<\/li><li>Las presas continentales est\u00e1n cortando las rutas migratorias de los peces<\/li><li>La deforestaci\u00f3n est\u00e1 provocando erosi\u00f3n del suelo y bloqueando la luz solar que llega a los arrecifes de coral.<\/li><li>Las t\u00e9cnicas de pesca destructivas, como el envenenamiento, est\u00e1n destruyendo los h\u00e1bitats.<\/li><li>Los barcos tur\u00edsticos y los buceadores est\u00e1n da\u00f1ando los fr\u00e1giles arrecifes y ecosistemas oce\u00e1nicos<\/li><\/ul>\t\t\t\t\t\t\t\t<\/div>\n\t\t\t\t<\/div>\n\t\t\t\t<div class=\"elementor-element elementor-element-adb7d2c elementor-widget elementor-widget-heading\" data-id=\"adb7d2c\" data-element_type=\"widget\" data-e-type=\"widget\" data-widget_type=\"heading.default\">\n\t\t\t\t<div class=\"elementor-widget-container\">\n\t\t\t\t\t<h3 class=\"elementor-heading-title elementor-size-default\">C\u00f3mo podemos ayudar a los oc\u00e9anos <\/h3>\t\t\t\t<\/div>\n\t\t\t\t<\/div>\n\t\t\t\t<div class=\"elementor-element elementor-element-10f3d2c elementor-widget elementor-widget-text-editor\" data-id=\"10f3d2c\" data-element_type=\"widget\" data-e-type=\"widget\" data-widget_type=\"text-editor.default\">\n\t\t\t\t<div class=\"elementor-widget-container\">\n\t\t\t\t\t\t\t\t\t<p>A nivel individual, sugieren que podemos reciclar nuestros residuos, volar con menos frecuencia, comer mariscos de origen \u00e9tico y local, dejar de utilizar pl\u00e1sticos de un solo uso y ofrecernos como voluntarios para limpiar nuestras playas y oc\u00e9anos.<\/p><p>Se recomienda comprar en mercados locales para evitar m\u00e1s env\u00edos podr\u00eda reducir el CO2 y otras sustancias, comprando producto local ayuda a prevenir emisiones.<\/p>\t\t\t\t\t\t\t\t<\/div>\n\t\t\t\t<\/div>\n\t\t\t\t<div class=\"elementor-element elementor-element-aad9ee2 elementor-widget elementor-widget-html\" data-id=\"aad9ee2\" data-element_type=\"widget\" data-e-type=\"widget\" data-widget_type=\"html.default\">\n\t\t\t\t<div class=\"elementor-widget-container\">\n\t\t\t\t\t\r\n<div data-wp-interactive=\"core\/file\" class=\"wp-block-file\"><object data-wp-bind--hidden=\"!state.hasPdfPreview\" hidden class=\"wp-block-file__embed\" data=\"https:\/\/boattripbarcelona.com\/wp-content\/uploads\/2021\/12\/Verde-Amarillo-Gota-Bombilla-Coche-Sol-Rama-Cambio-Climatico-Infografia.pdf\" type=\"application\/pdf\" style=\"width:100%;height:600px\" aria-label=\"Incrustado de Incrustado de Preventclimatachange..\"><\/object><a id=\"wp-block-file--media-71d77dee-d8fd-4a34-92ee-b91499cd721f\" href=\"https:\/\/boattripbarcelona.com\/wp-content\/uploads\/2021\/12\/Verde-Amarillo-Gota-Bombilla-Coche-Sol-Rama-Cambio-Climatico-Infografia.pdf\">Prevenir el cambio clim\u00e1tico<\/a><a href=\"https:\/\/boattripbarcelona.com\/wp-content\/uploads\/2021\/12\/Verde-Amarillo-Gota-Bombilla-Coche-Sol-Rama-Cambio-Climatico-Infografia.pdf\" class=\"wp-block-file__button\" download aria-describedby=\"wp-block-file--media-71d77dee-d8fd-4a34-92ee-b91499cd721f\">Descarga<\/a><\/div>\r\n\r\n<div class=\"wp-block-file\"><a id=\"wp-block-file--media-e13511b2-05d8-4d9e-96fb-cebbc1cc0229\" href=\"https:\/\/boattripbarcelona.com\/wp-content\/uploads\/2021\/12\/policies.docx\">Pol\u00edticas de responsabilidad<\/a><a href=\"https:\/\/boattripbarcelona.com\/wp-content\/uploads\/2021\/12\/policies.docx\" class=\"wp-block-file__button\" download aria-describedby=\"wp-block-file--media-e13511b2-05d8-4d9e-96fb-cebbc1cc0229\">Descarga<\/a><\/div>\r\n\r\n\t\t\t\t<\/div>\n\t\t\t\t<\/div>\n\t\t\t\t\t<\/div>\n\t\t<\/div>\n\t\t\t\t\t<\/div>\n\t\t<\/section>\n\t\t\t\t<\/div>","protected":false},"excerpt":{"rendered":"<p>Sostenibilidad. El oc\u00e9ano es uno de los lugares m\u00e1s importantes del planeta Tierra y alberga miles de especies diferentes de plantas y animales. A menudo hablamos del mar y el oc\u00e9ano como si fueran sin\u00f3nimos, pero en realidad no son lo mismo. Si bien el oc\u00e9ano es toda la masa de agua que rodea la Tierra, un mar\u2026 <a title=\"Sostenibilidad\" class=\"read-more\" href=\"https:\/\/boattripbarcelona.com\/es\/sostenibilidad-2\/\" aria-label=\"Leer m\u00e1s sobre Sostenibilidad\">Leer m\u00e1s<\/a><\/p>","protected":false},"author":1,"featured_media":0,"parent":0,"menu_order":0,"comment_status":"closed","ping_status":"closed","template":"","meta":{"footnotes":""},"class_list":["post-34","page","type-page","status-publish"],"jetpack_sharing_enabled":true,"_links":{"self":[{"href":"https:\/\/boattripbarcelona.com\/es\/wp-json\/wp\/v2\/pages\/34","targetHints":{"allow":["GET"]}}],"collection":[{"href":"https:\/\/boattripbarcelona.com\/es\/wp-json\/wp\/v2\/pages"}],"about":[{"href":"https:\/\/boattripbarcelona.com\/es\/wp-json\/wp\/v2\/types\/page"}],"author":[{"embeddable":true,"href":"https:\/\/boattripbarcelona.com\/es\/wp-json\/wp\/v2\/users\/1"}],"replies":[{"embeddable":true,"href":"https:\/\/boattripbarcelona.com\/es\/wp-json\/wp\/v2\/comments?post=34"}],"version-history":[{"count":0,"href":"https:\/\/boattripbarcelona.com\/es\/wp-json\/wp\/v2\/pages\/34\/revisions"}],"wp:attachment":[{"href":"https:\/\/boattripbarcelona.com\/es\/wp-json\/wp\/v2\/media?parent=34"}],"curies":[{"name":"gracias","href":"https:\/\/api.w.org\/{rel}","templated":true}]}}