{"id":4475,"date":"2023-10-24T07:02:09","date_gmt":"2023-10-24T06:02:09","guid":{"rendered":"https:\/\/boattripbarcelona.com\/?page_id=4475"},"modified":"2023-10-24T07:25:57","modified_gmt":"2023-10-24T06:25:57","slug":"politica-de-reembolso","status":"publish","type":"page","link":"https:\/\/boattripbarcelona.com\/es\/politica-de-reembolso\/","title":{"rendered":"Pol\u00edtica de reembolso"},"content":{"rendered":"<div data-elementor-type=\"wp-page\" data-elementor-id=\"4475\" class=\"elementor elementor-4475\" data-elementor-settings=\"{&quot;ha_cmc_init_switcher&quot;:&quot;no&quot;}\" data-elementor-post-type=\"page\">\n\t\t\t\t\t\t<section class=\"elementor-section elementor-top-section elementor-element elementor-element-35262b3 elementor-section-height-min-height elementor-section-boxed elementor-section-height-default elementor-section-items-middle\" data-id=\"35262b3\" data-element_type=\"section\" data-e-type=\"section\" data-settings=\"{&quot;background_background&quot;:&quot;classic&quot;,&quot;_ha_eqh_enable&quot;:false}\">\n\t\t\t\t\t\t\t<div class=\"elementor-background-overlay\"><\/div>\n\t\t\t\t\t\t\t<div class=\"elementor-container elementor-column-gap-default\">\n\t\t\t\t\t<div class=\"elementor-column elementor-col-100 elementor-top-column elementor-element elementor-element-ffec89a\" data-id=\"ffec89a\" data-element_type=\"column\" data-e-type=\"column\">\n\t\t\t<div class=\"elementor-widget-wrap elementor-element-populated\">\n\t\t\t\t\t\t<div class=\"elementor-element elementor-element-4f5227d elementor-widget elementor-widget-heading\" data-id=\"4f5227d\" data-element_type=\"widget\" data-e-type=\"widget\" data-widget_type=\"heading.default\">\n\t\t\t\t<div class=\"elementor-widget-container\">\n\t\t\t\t\t<h1 class=\"elementor-heading-title elementor-size-default\">Pol\u00edtica de reembolso<\/h1>\t\t\t\t<\/div>\n\t\t\t\t<\/div>\n\t\t\t\t\t<\/div>\n\t\t<\/div>\n\t\t\t\t\t<\/div>\n\t\t<\/section>\n\t\t\t\t<section class=\"elementor-section elementor-top-section elementor-element elementor-element-4b2abc1f elementor-section-boxed elementor-section-height-default elementor-section-height-default\" data-id=\"4b2abc1f\" data-element_type=\"section\" data-e-type=\"section\" data-settings=\"{&quot;_ha_eqh_enable&quot;:false}\">\n\t\t\t\t\t\t<div class=\"elementor-container elementor-column-gap-default\">\n\t\t\t\t\t<div class=\"elementor-column elementor-col-100 elementor-top-column elementor-element elementor-element-732c7fa8\" data-id=\"732c7fa8\" data-element_type=\"column\" data-e-type=\"column\">\n\t\t\t<div class=\"elementor-widget-wrap elementor-element-populated\">\n\t\t\t\t\t\t<div class=\"elementor-element elementor-element-495be7be elementor-widget elementor-widget-text-editor\" data-id=\"495be7be\" data-element_type=\"widget\" data-e-type=\"widget\" data-widget_type=\"text-editor.default\">\n\t\t\t\t<div class=\"elementor-widget-container\">\n\t\t\t\t\t\t\t\t\t\n<p>Los clientes tambi\u00e9n recibir\u00e1n un reembolso completo o cr\u00e9dito en caso de cancelaci\u00f3n por parte del operador debido al clima u otras circunstancias imprevistas.<\/p>\n<p>Las cancelaciones realizadas entre 6 d\u00edas naturales y 48 horas antes de la salida recibir\u00e1n un reembolso 50%.<\/p>\n\n<p>Las cancelaciones realizadas 24 horas antes de la salida recibir\u00e1n un reembolso de 20%. Las cancelaciones realizadas con menos de 24 horas de antelaci\u00f3n a la salida no tendr\u00e1n reembolso. P\u00f3ngase en contacto con nosotros por tel\u00e9fono para cancelar o consultar sobre una cancelaci\u00f3n. A los que no se presenten se les cobrar\u00e1 el precio completo.<\/p>\n\t\t\t\t\t\t\t\t<\/div>\n\t\t\t\t<\/div>\n\t\t\t\t\t<\/div>\n\t\t<\/div>\n\t\t\t\t\t<\/div>\n\t\t<\/section>\n\t\t\t\t<\/div>","protected":false},"excerpt":{"rendered":"<p>Los clientes tambi\u00e9n recibir\u00e1n un reembolso completo o un cr\u00e9dito en caso de cancelaci\u00f3n por parte del operador debido al clima u otras circunstancias imprevistas. Las cancelaciones realizadas entre 6 d\u00edas naturales y 48 horas antes de la salida recibir\u00e1n un reembolso 50%. Las cancelaciones realizadas 24 horas antes de la salida recibir\u00e1n un reembolso 20%. Las cancelaciones realizadas con menos de 24 horas de antelaci\u00f3n a la salida no se reembolsar\u00e1n. <a title=\"Pol\u00edtica de reembolso\" class=\"read-more\" href=\"https:\/\/boattripbarcelona.com\/es\/politica-de-reembolso\/\" aria-label=\"Leer m\u00e1s sobre Pol\u00edtica de reembolso\">Leer m\u00e1s<\/a><\/p>","protected":false},"author":1,"featured_media":0,"parent":0,"menu_order":0,"comment_status":"closed","ping_status":"closed","template":"","meta":{"footnotes":""},"class_list":["post-4475","page","type-page","status-publish"],"jetpack_sharing_enabled":true,"_links":{"self":[{"href":"https:\/\/boattripbarcelona.com\/es\/wp-json\/wp\/v2\/pages\/4475","targetHints":{"allow":["GET"]}}],"collection":[{"href":"https:\/\/boattripbarcelona.com\/es\/wp-json\/wp\/v2\/pages"}],"about":[{"href":"https:\/\/boattripbarcelona.com\/es\/wp-json\/wp\/v2\/types\/page"}],"author":[{"embeddable":true,"href":"https:\/\/boattripbarcelona.com\/es\/wp-json\/wp\/v2\/users\/1"}],"replies":[{"embeddable":true,"href":"https:\/\/boattripbarcelona.com\/es\/wp-json\/wp\/v2\/comments?post=4475"}],"version-history":[{"count":0,"href":"https:\/\/boattripbarcelona.com\/es\/wp-json\/wp\/v2\/pages\/4475\/revisions"}],"wp:attachment":[{"href":"https:\/\/boattripbarcelona.com\/es\/wp-json\/wp\/v2\/media?parent=4475"}],"curies":[{"name":"gracias","href":"https:\/\/api.w.org\/{rel}","templated":true}]}}