{"id":775,"date":"2022-09-27T17:30:02","date_gmt":"2022-09-27T17:30:02","guid":{"rendered":"https:\/\/stage.boattripbarcelona.com\/?page_id=775"},"modified":"2025-12-23T10:30:54","modified_gmt":"2025-12-23T09:30:54","slug":"politica-de-cookies-2","status":"publish","type":"page","link":"https:\/\/boattripbarcelona.com\/es\/politica-de-cookies-2\/","title":{"rendered":"Pol\u00edtica de cookies"},"content":{"rendered":"<div data-elementor-type=\"wp-page\" data-elementor-id=\"775\" class=\"elementor elementor-775\" data-elementor-settings=\"{&quot;ha_cmc_init_switcher&quot;:&quot;no&quot;}\" data-elementor-post-type=\"page\">\n\t\t\t\t\t\t<section class=\"elementor-section elementor-top-section elementor-element elementor-element-2cef3eb elementor-section-height-min-height elementor-section-boxed elementor-section-height-default elementor-section-items-middle\" data-id=\"2cef3eb\" data-element_type=\"section\" data-e-type=\"section\" data-settings=\"{&quot;background_background&quot;:&quot;classic&quot;,&quot;_ha_eqh_enable&quot;:false}\">\n\t\t\t\t\t\t\t<div class=\"elementor-background-overlay\"><\/div>\n\t\t\t\t\t\t\t<div class=\"elementor-container elementor-column-gap-default\">\n\t\t\t\t\t<div class=\"elementor-column elementor-col-100 elementor-top-column elementor-element elementor-element-b5894a4\" data-id=\"b5894a4\" data-element_type=\"column\" data-e-type=\"column\">\n\t\t\t<div class=\"elementor-widget-wrap elementor-element-populated\">\n\t\t\t\t\t\t<div class=\"elementor-element elementor-element-da785e8 elementor-widget elementor-widget-heading\" data-id=\"da785e8\" data-element_type=\"widget\" data-e-type=\"widget\" data-widget_type=\"heading.default\">\n\t\t\t\t<div class=\"elementor-widget-container\">\n\t\t\t\t\t<h1 class=\"elementor-heading-title elementor-size-default\">Pol\u00edtica de cookies<\/h1>\t\t\t\t<\/div>\n\t\t\t\t<\/div>\n\t\t\t\t<div class=\"elementor-element elementor-element-90df35f breadcrumbs elementor-widget elementor-widget-shortcode\" data-id=\"90df35f\" data-element_type=\"widget\" data-e-type=\"widget\" data-widget_type=\"shortcode.default\">\n\t\t\t\t<div class=\"elementor-widget-container\">\n\t\t\t\t\t\t\t<div class=\"elementor-shortcode\"><nav aria-label=\"pan rallado\" class=\"rank-math-breadcrumb\"><p><span class=\"last\">Hogar<\/span><\/p><\/nav><\/div>\n\t\t\t\t\t\t<\/div>\n\t\t\t\t<\/div>\n\t\t\t\t\t<\/div>\n\t\t<\/div>\n\t\t\t\t\t<\/div>\n\t\t<\/section>\n\t\t\t\t<section class=\"elementor-section elementor-top-section elementor-element elementor-element-82de37e elementor-section-boxed elementor-section-height-default elementor-section-height-default\" data-id=\"82de37e\" data-element_type=\"section\" data-e-type=\"section\" data-settings=\"{&quot;_ha_eqh_enable&quot;:false}\">\n\t\t\t\t\t\t<div class=\"elementor-container elementor-column-gap-default\">\n\t\t\t\t\t<div class=\"elementor-column elementor-col-100 elementor-top-column elementor-element elementor-element-7456de2\" data-id=\"7456de2\" data-element_type=\"column\" data-e-type=\"column\">\n\t\t\t<div class=\"elementor-widget-wrap elementor-element-populated\">\n\t\t\t\t\t\t<div class=\"elementor-element elementor-element-32500f8 elementor-widget elementor-widget-text-editor\" data-id=\"32500f8\" data-element_type=\"widget\" data-e-type=\"widget\" data-widget_type=\"text-editor.default\">\n\t\t\t\t<div class=\"elementor-widget-container\">\n\t\t\t\t\t\t\t\t\t<h1>Pol\u00edtica de cookies<\/h1>\n\n<h2>1. \u00bfQu\u00e9 son las cookies?<\/h2>\n<p>\nLas cookies son peque\u00f1os archivos de texto que se almacenan en el dispositivo del usuario al visitar un sitio web. Se utilizan para reconocer al usuario, recordar sus preferencias y mejorar su experiencia de navegaci\u00f3n.\n<\/p>\n\n<h2>2. Uso de cookies en este sitio web<\/h2>\n<p>\nEl sitio web <strong>boattripbarcelona.com<\/strong> utiliza cookies propias y de terceros para garantizar el correcto funcionamiento de la web, analizar la interacci\u00f3n de los usuarios con el sitio y, en su caso, ofrecer contenidos personalizados.\n<\/p>\n\n<h2>3. Tipos de cookies utilizadas<\/h2>\n\n<h3>Cookies t\u00e9cnicas o necesarias<\/h3>\n<p>\nEstas cookies son esenciales para el correcto funcionamiento del sitio web y no requieren el consentimiento del usuario. Permiten funciones b\u00e1sicas como la navegaci\u00f3n o el acceso a \u00e1reas seguras.\n<\/p>\n\n<h3>Cookies anal\u00edticas<\/h3>\n<p>\nEstas cookies permiten cuantificar el n\u00famero de usuarios y realizar la medici\u00f3n y an\u00e1lisis estad\u00edstico de la utilizaci\u00f3n que hacen los usuarios del sitio web, con el fin de mejorar los servicios ofrecidos.\n<\/p>\n\n<h3>Cookies de personalizaci\u00f3n<\/h3>\n<p>\nEstas cookies permiten recordar informaci\u00f3n para que el usuario acceda al servicio con determinadas caracter\u00edsticas, como el idioma o el tipo de navegador.\n<\/p>\n\n<h3>Cookies de publicidad y marketing<\/h3>\n<p>\nEstas cookies se utilizan para gestionar espacios publicitarios y rastrear el comportamiento del usuario para mostrar anuncios relevantes.\n<\/p>\n\n<h2>4. Cookies de terceros<\/h2>\n<p>\nEste sitio web puede utilizar servicios de terceros que recopilaran informaci\u00f3n con fines estad\u00edsticos, de an\u00e1lisis de uso del sitio y para la prestaci\u00f3n de otros servicios relacionados con la actividad del sitio web.\n<\/p>\n\n<p>\nEn particular, este sitio web puede utilizar servicios de an\u00e1lisis como Google Analytics.\n<\/p>\n\n<ul>\n  <li>Google Analytics: \n    <a href=\"https:\/\/policies.google.com\/technologies\/cookies\" target=\"_blank\" rel=\"noopener nofollow\">\n      https:\/\/policies.google.com\/technologies\/cookies\n    <\/a>\n  <\/li>\n<\/ul>\n\n<h2>5. Consent<\/h2>\n<p>\nAl acceder a este sitio web, el usuario puede aceptar, rechazar o configurar el uso de cookies no esenciales a trav\u00e9s del banner de cookies. Estas cookies solo se instalar\u00e1n si el usuario da su consentimiento expl\u00edcito.\n<\/p>\n\n<h2>6. C\u00f3mo gestionar o eliminar las cookies<\/h2>\n<p>\nEl usuario podr\u00e1 permitir, bloquear o eliminar las cookies instaladas en su dispositivo mediante la configuraci\u00f3n del navegador utilizado para acceder al sitio web.\n<\/p>\n\n<p>\nA continuaci\u00f3n se muestran enlaces a las p\u00e1ginas de configuraci\u00f3n de los navegadores m\u00e1s comunes:\n<\/p>\n\n<ul>\n  <li>Google Chrome<\/li>\n  <li>Mozilla Firefox<\/li>\n  <li>Safari<\/li>\n  <li>Microsoft Edge<\/li>\n<\/ul>\n\n<p>\nLa desactivaci\u00f3n de las cookies puede afectar al correcto funcionamiento de determinadas secciones del sitio web.\n<\/p>\n\n<h2>7. Cambios en esta pol\u00edtica de cookies<\/h2>\n<p>\nEsta Pol\u00edtica de Cookies podr\u00e1 actualizarse para cumplir con exigencias legales o reglamentarias, o para adaptarse a las instrucciones dictadas por las autoridades supervisoras.\n<\/p>\n\n<p>\nSe recomienda a los usuarios que revisen esta pol\u00edtica peri\u00f3dicamente.\n<\/p>\n\t\t\t\t\t\t\t\t<\/div>\n\t\t\t\t<\/div>\n\t\t\t\t\t<\/div>\n\t\t<\/div>\n\t\t\t\t\t<\/div>\n\t\t<\/section>\n\t\t\t\t<\/div>","protected":false},"excerpt":{"rendered":"<p>Cookie Policy 1. What are cookies? Cookies are small text files that are stored on the user\u2019s device when visiting a website. They are used to recognize the user, remember preferences and improve the browsing experience. 2. Use of cookies on this website The website boattripbarcelona.com uses its own cookies and third-party cookies to ensure &#8230; <a title=\"Pol\u00edtica de cookies\" class=\"read-more\" href=\"https:\/\/boattripbarcelona.com\/es\/politica-de-cookies-2\/\" aria-label=\"Leer m\u00e1s sobre Pol\u00edtica de Cookies\">Leer m\u00e1s<\/a><\/p>","protected":false},"author":1,"featured_media":0,"parent":0,"menu_order":0,"comment_status":"closed","ping_status":"closed","template":"","meta":{"footnotes":""},"class_list":["post-775","page","type-page","status-publish"],"jetpack_sharing_enabled":true,"_links":{"self":[{"href":"https:\/\/boattripbarcelona.com\/es\/wp-json\/wp\/v2\/pages\/775","targetHints":{"allow":["GET"]}}],"collection":[{"href":"https:\/\/boattripbarcelona.com\/es\/wp-json\/wp\/v2\/pages"}],"about":[{"href":"https:\/\/boattripbarcelona.com\/es\/wp-json\/wp\/v2\/types\/page"}],"author":[{"embeddable":true,"href":"https:\/\/boattripbarcelona.com\/es\/wp-json\/wp\/v2\/users\/1"}],"replies":[{"embeddable":true,"href":"https:\/\/boattripbarcelona.com\/es\/wp-json\/wp\/v2\/comments?post=775"}],"version-history":[{"count":3,"href":"https:\/\/boattripbarcelona.com\/es\/wp-json\/wp\/v2\/pages\/775\/revisions"}],"predecessor-version":[{"id":5604,"href":"https:\/\/boattripbarcelona.com\/es\/wp-json\/wp\/v2\/pages\/775\/revisions\/5604"}],"wp:attachment":[{"href":"https:\/\/boattripbarcelona.com\/es\/wp-json\/wp\/v2\/media?parent=775"}],"curies":[{"name":"gracias","href":"https:\/\/api.w.org\/{rel}","templated":true}]}}