{"id":2232,"date":"2022-10-20T19:30:09","date_gmt":"2022-10-20T19:30:09","guid":{"rendered":"https:\/\/stage.boattripbarcelona.com\/terms-and-conditions\/"},"modified":"2022-10-20T20:47:49","modified_gmt":"2022-10-20T20:47:49","slug":"termes-et-conditions","status":"publish","type":"page","link":"https:\/\/boattripbarcelona.com\/fr\/termes-et-conditions\/","title":{"rendered":"Conditions g\u00e9n\u00e9rales"},"content":{"rendered":"<div data-elementor-type=\"wp-page\" data-elementor-id=\"2232\" class=\"elementor elementor-2232\" data-elementor-settings=\"{&quot;ha_cmc_init_switcher&quot;:&quot;no&quot;}\" data-elementor-post-type=\"page\">\n\t\t\t\t\t\t<section class=\"elementor-section elementor-top-section elementor-element elementor-element-cc94800 elementor-section-height-min-height elementor-section-boxed elementor-section-height-default elementor-section-items-middle\" data-id=\"cc94800\" data-element_type=\"section\" data-e-type=\"section\" data-settings=\"{&quot;background_background&quot;:&quot;classic&quot;,&quot;_ha_eqh_enable&quot;:false}\">\n\t\t\t\t\t\t\t<div class=\"elementor-background-overlay\"><\/div>\n\t\t\t\t\t\t\t<div class=\"elementor-container elementor-column-gap-default\">\n\t\t\t\t\t<div class=\"elementor-column elementor-col-100 elementor-top-column elementor-element elementor-element-69158c8\" data-id=\"69158c8\" data-element_type=\"column\" data-e-type=\"column\">\n\t\t\t<div class=\"elementor-widget-wrap elementor-element-populated\">\n\t\t\t\t\t\t<div class=\"elementor-element elementor-element-92c0406 elementor-widget elementor-widget-heading\" data-id=\"92c0406\" data-element_type=\"widget\" data-e-type=\"widget\" data-widget_type=\"heading.default\">\n\t\t\t\t<div class=\"elementor-widget-container\">\n\t\t\t\t\t<h1 class=\"elementor-heading-title elementor-size-default\">Conditions g\u00e9n\u00e9rales<\/h1>\t\t\t\t<\/div>\n\t\t\t\t<\/div>\n\t\t\t\t<div class=\"elementor-element elementor-element-5551fb5 breadcrumbs elementor-widget elementor-widget-shortcode\" data-id=\"5551fb5\" data-element_type=\"widget\" data-e-type=\"widget\" data-widget_type=\"shortcode.default\">\n\t\t\t\t<div class=\"elementor-widget-container\">\n\t\t\t\t\t\t\t<div class=\"elementor-shortcode\"><nav aria-label=\"chapelure\" class=\"rank-math-breadcrumb\"><p><span class=\"last\">Maison<\/span><\/p><\/nav><\/div>\n\t\t\t\t\t\t<\/div>\n\t\t\t\t<\/div>\n\t\t\t\t\t<\/div>\n\t\t<\/div>\n\t\t\t\t\t<\/div>\n\t\t<\/section>\n\t\t\t\t<section class=\"elementor-section elementor-top-section elementor-element elementor-element-ef32fc6 elementor-section-boxed elementor-section-height-default elementor-section-height-default\" data-id=\"ef32fc6\" data-element_type=\"section\" data-e-type=\"section\" data-settings=\"{&quot;_ha_eqh_enable&quot;:false}\">\n\t\t\t\t\t\t<div class=\"elementor-container elementor-column-gap-default\">\n\t\t\t\t\t<div class=\"elementor-column elementor-col-100 elementor-top-column elementor-element elementor-element-514fea1\" data-id=\"514fea1\" data-element_type=\"column\" data-e-type=\"column\">\n\t\t\t<div class=\"elementor-widget-wrap elementor-element-populated\">\n\t\t\t\t\t\t<div class=\"elementor-element elementor-element-670e6e8 elementor-widget elementor-widget-text-editor\" data-id=\"670e6e8\" data-element_type=\"widget\" data-e-type=\"widget\" data-widget_type=\"text-editor.default\">\n\t\t\t\t<div class=\"elementor-widget-container\">\n\t\t\t\t\t\t\t\t\t<p><strong><span>1. Titularit\u00e9 de la page Web<\/span><\/strong><span> La page Web pr\u00e9sente est la propri\u00e9t\u00e9 de <\/span><strong><em><span>VACANCES EXP\u00c9RIENCE VOILE SL<\/span><\/em><\/strong><span> , domicile social en Avda monasterio de silos 53 portail G 4A, 28049 madrid, B87671889, direction de courrier \u00e9lectronique <\/span><span>INFO@SAILEXPERIENCEBCN.COM <\/span> <span>, inscrit dans le tomo 35219, folio 24, section 8, hoja 633291. Cette page Web contient des informations commerciales sur les cours sportifs et les activit\u00e9s.<\/span><\/p>\n<p><strong><span>2. Propri\u00e9t\u00e9 intellectuelle du Web<\/span><\/strong><span> Tous les droits de propri\u00e9t\u00e9 intellectuelle du contenu de cette page Web et de votre conception graphique, sont la propri\u00e9t\u00e9 exclusive de SAIL EXPERIENCE HOLIDAY SL et sont ceux qui correspondent \u00e0 l&#039;exercice exclusif des droits d&#039;exploitation des biens. Ainsi, la reproduction, la distribution, la communication publique et la modification, totales ou partielles, sont interdites sans autorisation expresse de SAIL EXPERIENCE HOLIDAY SL. De la m\u00eame mani\u00e8re, tous les signes distinctifs, marques, noms commerciaux ou signes de toute classe contenus dans cette page Web sont prot\u00e9g\u00e9s par ley.<\/span><\/p>\n<p><strong><span>3. Contenu du Web et liens<\/span><\/strong><span> VOILE EXPERIENCE HOLIDAY SL. Nous ne sommes pas responsables d&#039;une mauvaise utilisation du contenu de votre page Web, mais de la responsabilit\u00e9 exclusive de la personne qui acc\u00e8de \u00e0 celui-ci ou \u00e0 son utilisation. Tampoco assume certaines responsabilit\u00e9s en ce qui concerne les informations contenues dans les pages Web de tiers. La pr\u00e9sence de ces \u00e9l\u00e9ments a une finalit\u00e9 informative, et ne constitue en aucun cas une invitation \u00e0 la convention de produits ou de services qui peuvent \u00eatre offerts sur la page Web de destination. Dans le cas o\u00f9 SAIL EXPERIENCE HOLIDAY SL aura une connaissance efficace du fait que l&#039;activit\u00e9 ou les informations relatives aux transferts de ces liens sont illicites, constitutives du crime ou qui peuvent causer des l\u00e9sions ou des droits de tiers susceptibles d&#039;indemnisation, il faudra agir avec la diligence n\u00e9cessaire pour supprimer ou utiliser le lien. correspondiente a la mayor brevedad possible.<\/span><\/p>\n<p><strong><span>4. Actualisation et modification de la page Web<\/span><\/strong><span> SAIL EXPERIENCE HOLIDAY SL se r\u00e9serve le droit d&#039;actualiser, de modifier ou de supprimer les informations contenues sur sa page Web et sa configuration ou sa pr\u00e9sentation, \u00e0 tout moment, sans avis pr\u00e9alable et sans aucun type de responsabilit\u00e9.<\/span><\/p>\n<p><strong><span>5. Indications sur les aspects techniques<\/span><\/strong><span> SAIL EXPERIENCE HOLIDAY SL n&#039;assume aucune responsabilit\u00e9 concernant certains probl\u00e8mes techniques ou chutes dans les \u00e9quipements informatiques, qui se produisent lors de la connexion \u00e0 Internet, ou qui peuvent \u00eatre caus\u00e9s par des tiers personnes lors d&#039;intrusions ill\u00e9gales hors de votre contr\u00f4le. Depuis SAIL EXPERIENCE HOLIDAY SL ne garantit pas l&#039;apparition de virus et d&#039;autres \u00e9l\u00e9ments qui pourraient causer des dommages aux syst\u00e8mes informatiques ou aux documents \u00e9lectroniques de cette page Web ou de pages Web de tiers, et n&#039;est pas responsable des dommages et des dommages qui peuvent \u00eatre l\u00e2ch\u00e9s par le producteur pour ces motifs. De la m\u00eame mani\u00e8re, nous ne sommes pas responsables des \u00e9ventuels dommages et pr\u00e9judices qui pourraient affecter l&#039;utilisateur en raison d&#039;erreurs, de d\u00e9fauts ou d&#039;omissions dans les informations qui facilitent la proc\u00e9dure de troisi\u00e8mes sources.<\/span><\/p>\n<p><strong><span>6. L\u00e9gislation et juridiction applicable<\/span><\/strong><span> Ambas partes, se parfois aux Juzgados y Tribunales qui correspondent en base \u00e0 la l\u00e9gislation que mer d&#039;application, pour traiter les divergences d\u00e9riv\u00e9es de l&#039;interpr\u00e9tation et de l&#039;application du pr\u00e9sent contrat. od\u00e9is lisez sur ces deux autres pages <\/span><strong><span>confidentialit\u00e9 et cookies<\/span><\/strong><span> politique et notre <\/span><strong><span>politique de retour<\/span><\/strong><span> sur ces deux autres pages. L&#039;utilisateur peut utiliser un <\/span><strong><span>formulaire de r\u00e9clamation<\/span><\/strong><span> fourni par la Generalitat de Catalunya.<\/span><\/p>\n\t\t\t\t\t\t\t\t<\/div>\n\t\t\t\t<\/div>\n\t\t\t\t\t<\/div>\n\t\t<\/div>\n\t\t\t\t\t<\/div>\n\t\t<\/section>\n\t\t\t\t<\/div>","protected":false},"excerpt":{"rendered":"<p>1. Titularidad de la p\u00e1gina web La presenta p\u00e1gina web es propiedad de SAIL EXPERIENCE HOLIDAY SL , domicilio social en Avda monasterio de silos 53 portal G 4A, 28049 madrid, B87671889, direcci\u00f3n de correo electr\u00f3nico INFO@SAILEXPERIENCEBCN.COM , inscrita en el tomo 35219, folio 24, secci\u00f3n 8, hoja 633291. Esta p\u00e1gina web contiene informaci\u00f3n comercial &#8230; <a title=\"Conditions g\u00e9n\u00e9rales\" class=\"read-more\" href=\"https:\/\/boattripbarcelona.com\/fr\/termes-et-conditions\/\" aria-label=\"En savoir plus sur T\u00e9rminos y Condiciones\">Lire la suite<\/a><\/p>","protected":false},"author":1,"featured_media":0,"parent":0,"menu_order":0,"comment_status":"closed","ping_status":"closed","template":"","meta":{"footnotes":""},"class_list":["post-2232","page","type-page","status-publish"],"jetpack_sharing_enabled":true,"_links":{"self":[{"href":"https:\/\/boattripbarcelona.com\/fr\/wp-json\/wp\/v2\/pages\/2232","targetHints":{"allow":["GET"]}}],"collection":[{"href":"https:\/\/boattripbarcelona.com\/fr\/wp-json\/wp\/v2\/pages"}],"about":[{"href":"https:\/\/boattripbarcelona.com\/fr\/wp-json\/wp\/v2\/types\/page"}],"author":[{"embeddable":true,"href":"https:\/\/boattripbarcelona.com\/fr\/wp-json\/wp\/v2\/users\/1"}],"replies":[{"embeddable":true,"href":"https:\/\/boattripbarcelona.com\/fr\/wp-json\/wp\/v2\/comments?post=2232"}],"version-history":[{"count":0,"href":"https:\/\/boattripbarcelona.com\/fr\/wp-json\/wp\/v2\/pages\/2232\/revisions"}],"wp:attachment":[{"href":"https:\/\/boattripbarcelona.com\/fr\/wp-json\/wp\/v2\/media?parent=2232"}],"curies":[{"name":"wp","href":"https:\/\/api.w.org\/{rel}","templated":true}]}}