{"id":3,"date":"2022-07-27T20:35:01","date_gmt":"2022-07-27T20:35:01","guid":{"rendered":"https:\/\/stage.boattripbarcelona.com\/?page_id=3"},"modified":"2023-10-24T07:38:35","modified_gmt":"2023-10-24T06:38:35","slug":"politique-de-confidentialite","status":"publish","type":"page","link":"https:\/\/boattripbarcelona.com\/fr\/politique-de-confidentialite\/","title":{"rendered":"politique de confidentialit\u00e9"},"content":{"rendered":"<div data-elementor-type=\"wp-page\" data-elementor-id=\"3\" class=\"elementor elementor-3\" data-elementor-settings=\"{&quot;ha_cmc_init_switcher&quot;:&quot;no&quot;}\" data-elementor-post-type=\"page\">\n\t\t\t\t\t\t<section class=\"elementor-section elementor-top-section elementor-element elementor-element-10ff583 elementor-section-height-min-height elementor-section-boxed elementor-section-height-default elementor-section-items-middle\" data-id=\"10ff583\" data-element_type=\"section\" data-e-type=\"section\" data-settings=\"{&quot;background_background&quot;:&quot;classic&quot;,&quot;_ha_eqh_enable&quot;:false}\">\n\t\t\t\t\t\t\t<div class=\"elementor-background-overlay\"><\/div>\n\t\t\t\t\t\t\t<div class=\"elementor-container elementor-column-gap-default\">\n\t\t\t\t\t<div class=\"elementor-column elementor-col-100 elementor-top-column elementor-element elementor-element-b32fa72\" data-id=\"b32fa72\" data-element_type=\"column\" data-e-type=\"column\">\n\t\t\t<div class=\"elementor-widget-wrap elementor-element-populated\">\n\t\t\t\t\t\t<div class=\"elementor-element elementor-element-a697740 elementor-widget elementor-widget-heading\" data-id=\"a697740\" data-element_type=\"widget\" data-e-type=\"widget\" data-widget_type=\"heading.default\">\n\t\t\t\t<div class=\"elementor-widget-container\">\n\t\t\t\t\t<h1 class=\"elementor-heading-title elementor-size-default\">politique de confidentialit\u00e9<\/h1>\t\t\t\t<\/div>\n\t\t\t\t<\/div>\n\t\t\t\t<div class=\"elementor-element elementor-element-bc6f1d5 breadcrumbs elementor-widget elementor-widget-shortcode\" data-id=\"bc6f1d5\" data-element_type=\"widget\" data-e-type=\"widget\" data-widget_type=\"shortcode.default\">\n\t\t\t\t<div class=\"elementor-widget-container\">\n\t\t\t\t\t\t\t<div class=\"elementor-shortcode\"><nav aria-label=\"chapelure\" class=\"rank-math-breadcrumb\"><p><span class=\"last\">Maison<\/span><\/p><\/nav><\/div>\n\t\t\t\t\t\t<\/div>\n\t\t\t\t<\/div>\n\t\t\t\t\t<\/div>\n\t\t<\/div>\n\t\t\t\t\t<\/div>\n\t\t<\/section>\n\t\t\t\t<section class=\"elementor-section elementor-top-section elementor-element elementor-element-f46d36b elementor-section-boxed elementor-section-height-default elementor-section-height-default\" data-id=\"f46d36b\" data-element_type=\"section\" data-e-type=\"section\" data-settings=\"{&quot;_ha_eqh_enable&quot;:false}\">\n\t\t\t\t\t\t<div class=\"elementor-container elementor-column-gap-default\">\n\t\t\t\t\t<div class=\"elementor-column elementor-col-100 elementor-top-column elementor-element elementor-element-a071007\" data-id=\"a071007\" data-element_type=\"column\" data-e-type=\"column\">\n\t\t\t<div class=\"elementor-widget-wrap elementor-element-populated\">\n\t\t\t\t\t\t<div class=\"elementor-element elementor-element-33bfa02 elementor-widget elementor-widget-text-editor\" data-id=\"33bfa02\" data-element_type=\"widget\" data-e-type=\"widget\" data-widget_type=\"text-editor.default\">\n\t\t\t\t<div class=\"elementor-widget-container\">\n\t\t\t\t\t\t\t\t\t<p><strong>Traitement des donn\u00e9es des utilisateurs<\/strong><strong><br \/><\/strong><\/p><ul><li><em style=\"font-size: inherit;\"><strong>SAIL EXPERIENCE HOLIDAY SL inclura les donn\u00e9es fournies par l&#039;utilisateur dans les formulaires et pendant le processus d&#039;achat de tout produit dans un fichier<\/strong><\/em><span style=\"font-size: inherit;\">\u00a0\u00a0qui disposera de toutes les mesures de s\u00e9curit\u00e9 n\u00e9cessaires requises par la r\u00e9glementation en vigueur sur la protection des donn\u00e9es GDPR. SAIL EXPERIENCE HOLIDAY SL ne c\u00e9dera ni ne communiquera les donn\u00e9es collect\u00e9es \u00e0 des tiers sans le consentement expr\u00e8s et pr\u00e9alable de l&#039;utilisateur. Dans le cas o\u00f9 ces donn\u00e9es pourraient \u00eatre vol\u00e9es ou que le site Web pr\u00e9sente une faille de s\u00e9curit\u00e9 permettant de consid\u00e9rer que cela s&#039;est produit, SAIL EXPERIENCE HOLIDAY SL s&#039;engage \u00e0 informer l&#039;\u00e9tudiant dans un d\u00e9lai de 72 heures afin qu&#039;il puisse d\u00e9cider s&#039;il souhaite supprimer les donn\u00e9es de notre fichier.\u00a0<\/span><\/li><li><em style=\"font-size: inherit;\"><strong>Les donn\u00e9es collect\u00e9es par le site sont relatives aux informations n\u00e9cessaires \u00e0 l&#039;inscription<\/strong><\/em><em style=\"font-size: inherit;\"><strong>et la d\u00e9livrance de titres nautiques.\u00a0<\/strong><\/em><span style=\"font-size: inherit;\">En particulier, seules les donn\u00e9es relatives \u00e0 l&#039;identification de l&#039;\u00e9tudiant (noms, pr\u00e9noms, adresses et num\u00e9ros de pi\u00e8ces d&#039;identit\u00e9 sur la page \u00ab Terminer la commande \u00bb du processus d&#039;achat) et les donn\u00e9es de pr\u00e9f\u00e9rence de cours et autres activit\u00e9s sur cette m\u00eame page sont collect\u00e9es. et dans les formulaires pr\u00e9sents sur toutes les pages Web. Les utilisateurs de moins de 16 ans ne doivent fournir leurs donn\u00e9es qu&#039;avec le consentement de leurs parents ou tuteurs l\u00e9gaux. Notre site Web peut contenir des liens vers d&#039;autres pages. Nous ne sommes pas responsables du traitement de vos donn\u00e9es sur ces sites tiers ni de leur conformit\u00e9 aux dispositions relatives \u00e0 la protection des donn\u00e9es. Veuillez prendre en compte les informations sur la protection des donn\u00e9es qu&#039;ils fournissent.\u00a0<\/span><\/li><li><strong style=\"font-size: inherit;\"><em>Les donn\u00e9es collect\u00e9es par le site seront conserv\u00e9es ind\u00e9finiment \u00e0 des fins informatives et commerciales uniquement pour les produits et services nautiques de la soci\u00e9t\u00e9.<\/em>\u00a0<\/strong><span style=\"font-size: inherit;\">En particulier, il est essentiel de sauvegarder les donn\u00e9es personnelles pour pouvoir informer l&#039;utilisateur de l&#039;\u00e9tat actuel de son parcours acad\u00e9mique, des changements de r\u00e9glementation, des nouveaux services nautiques et d&#039;autres actualit\u00e9s qui peuvent l&#039;int\u00e9resser en tant que dipl\u00f4m\u00e9 ou utilisateur nautique. Lorsque l&#039;utilisateur fournit ses donn\u00e9es via notre adresse e-mail ou notre formulaire de contact, il autorise express\u00e9ment SAIL EXPERIENCE HOLIDAY SL \u00e0 stocker et traiter ind\u00e9finiment ses donn\u00e9es personnelles afin de r\u00e9pondre \u00e0 ses demandes de services ou de consultations et, en cas d&#039;abonnement \u00e0 nos newsletters, \u00e0 vous envoyer des informations li\u00e9es aux services propos\u00e9s par l&#039;entreprise.\u00a0<\/span><\/li><li><em style=\"font-size: inherit;\"><strong>Droit de l&#039;utilisateur de demander ces donn\u00e9es et de les annuler.\u00a0<\/strong><\/em><span style=\"font-size: inherit;\">L&#039;utilisateur peut exercer ses droits d&#039;acc\u00e8s, de rectification, d&#039;annulation et d&#039;opposition, en \u00e9crivant \u00e0 SAIL EXPERIENCE HOLIDAY SL, Responsable du Fichier, situ\u00e9 \u00e0 Avda monast\u00e8re de silos 53 portail G 4A, 28049 Madrid, ou \u00e0 l&#039;adresse e-mail\u00a0<\/span><span style=\"font-size: inherit;\">INFO@ SAILEXPERIENCEBCN.COM.<\/span><span style=\"font-size: inherit;\">\u00a0\u00a0<\/span><\/li><\/ul><ul><li><strong>Utilisation des cookies <\/strong><em style=\"font-size: inherit;\"><strong>Ce site Web utilise des cookies pour effectuer des analyses de processus automatis\u00e9s avec Google Analytics.\u00a0<\/strong>\u00a0<\/em><span style=\"font-size: inherit;\">Les cookies sont uniquement associ\u00e9s au navigateur d&#039;un ordinateur donn\u00e9 et ne fournissent pas en eux-m\u00eames de donn\u00e9es personnelles de l&#039;utilisateur. L&#039;utilisateur peut configurer son navigateur pour \u00eatre averti sur l&#039;\u00e9cran de la r\u00e9ception de cookies et pour emp\u00eacher l&#039;installation de cookies sur son disque dur, bien que s&#039;il choisit de d\u00e9sactiver l&#039;utilisation des cookies, le fonctionnement de cette page Web peut \u00eatre affect\u00e9. Consultez les instructions et les manuels de votre navigateur pour plus d&#039;informations.\u00a0\u00a0<\/span><\/li><\/ul><ul><li><strong>R\u00e9seaux sociaux <\/strong>Gr\u00e2ce \u00e0 notre site Web, vous pouvez acc\u00e9der aux r\u00e9seaux sociaux Facebook, Twitter ou Youtube avec un acc\u00e8s ouvert \u00e0 tous les utilisateurs.\u00a0<span style=\"font-size: inherit;\">Ce sont des sites Web sur lesquels l&#039;utilisateur peut s&#039;inscrire et nous suivre gratuitement.\u00a0<\/span><span style=\"font-size: inherit;\">Sur ces r\u00e9seaux sociaux, les utilisateurs pourront s&#039;informer sur nos activit\u00e9s, nos opinions, acc\u00e9der \u00e0 des photos et des vid\u00e9os.\u00a0<\/span><span style=\"font-size: inherit;\">Les utilisateurs de ces r\u00e9seaux sociaux doivent \u00eatre conscients que cet endroit est ind\u00e9pendant du web https:\/\/anclademia.com et est ouvert, c&#039;est-\u00e0-dire qu&#039;il est visible par tous ses utilisateurs, et les politiques de confidentialit\u00e9 \u00e0 appliquer \u00e0 ces contenus sont celles d\u00e9finies par Facebook, Twitter ou Youtube.\u00a0<\/span><span style=\"font-size: inherit;\">SAIL EXPERIENCE HOLIDAY SL n&#039;est pas propri\u00e9taire desdits r\u00e9seaux sociaux.\u00a0 \u00a0 \u00a0\u00a0<\/span><\/li><\/ul><p><strong>Droits de l&#039;utilisateur<\/strong><\/p><ol><li><strong>Droit d&#039;acc\u00e8s aux informations sur vos donn\u00e9es<br \/><\/strong>Sur votre demande, nous vous fournirons des informations sur les donn\u00e9es que nous d\u00e9tenons \u00e0 votre sujet.<\/li><\/ol><ol start=\"2\"><li><strong>Droit de rectification de vos donn\u00e9es<br \/><\/strong>Lorsque vous nous en informez, nous corrigerons toute donn\u00e9e personnelle inexacte vous concernant.\u00a0<span style=\"font-size: inherit;\">Si vous le demandez, nous compl\u00e9terons les donn\u00e9es personnelles incompl\u00e8tes, dans la mesure o\u00f9 cela est n\u00e9cessaire \u00e0 la finalit\u00e9 poursuivie pour le traitement de vos donn\u00e9es.<\/span><\/li><\/ol><ol start=\"3\"><li><strong>Droit de suppression de vos donn\u00e9es<br \/><\/strong>Sur votre demande, nous supprimerons les donn\u00e9es que nous d\u00e9tenons \u00e0 votre sujet.\u00a0<span style=\"font-size: inherit;\">Toutefois, certaines donn\u00e9es ne seront supprim\u00e9es qu&#039;apr\u00e8s une certaine p\u00e9riode de conservation, par exemple lorsqu&#039;elles doivent \u00eatre conserv\u00e9es pour l&#039;ex\u00e9cution d&#039;une obligation l\u00e9gale ou parce que nous avons besoin des donn\u00e9es pour remplir des obligations contractuelles envers vous.<\/span><\/li><\/ol><ol start=\"4\"><li><strong>Droit de bloquer vos donn\u00e9es<br \/><\/strong>Dans les cas o\u00f9 la l\u00e9gislation permet la limitation du traitement de vos donn\u00e9es, celles-ci seront bloqu\u00e9es.<\/li><\/ol><ol start=\"5\"><li><strong>Droit de retirer votre consentement<br \/><\/strong>\u00c0 tout moment, vous pouvez r\u00e9voquer le consentement donn\u00e9 pour le traitement de vos donn\u00e9es, prenant effet \u00e0 partir de ce moment.\u00a0<span style=\"font-size: inherit;\">Cela n\u2019affectera pas la l\u00e9galit\u00e9 du traitement effectu\u00e9 jusqu\u2019alors.<\/span><\/li><\/ol><ol start=\"6\"><li><strong>Droit d&#039;opposition au traitement de vos donn\u00e9es<br \/><\/strong>Vous aurez le droit de vous opposer \u00e0 tout moment \u00e0 ce que vos donn\u00e9es personnelles soient trait\u00e9es sur la base des dispositions de l\u2019article 6, paragraphe 1, lettres e) et f) du R\u00e8glement (UE) 2016\/679.\u00a0<span style=\"font-size: inherit;\">Si vous vous y opposez, nous cesserons de traiter les donn\u00e9es personnelles, \u00e0 condition qu&#039;il n&#039;existe aucune raison l\u00e9gitime imp\u00e9rieuse de poursuivre le traitement.\u00a0<\/span><span style=\"font-size: inherit;\">Pour nous, le traitement de vos donn\u00e9es \u00e0 des fins de marketing direct ne constituera jamais une raison l\u00e9gitime imp\u00e9rieuse.<\/span><\/li><\/ol><ol start=\"7\"><li><strong>Droit \u00e0 la portabilit\u00e9<br \/><\/strong>Si vous le demandez, nous mettrons vos donn\u00e9es personnelles \u00e0 votre disposition dans un format structur\u00e9, couramment utilis\u00e9 et lisible par machine.<\/li><\/ol><ol start=\"8\"><li><strong>Droit de r\u00e9clamation aupr\u00e8s d&#039;une autorit\u00e9 de contr\u00f4le<br \/><\/strong>Vous pouvez d\u00e9poser une r\u00e9clamation en mati\u00e8re de protection des donn\u00e9es aupr\u00e8s de l&#039;autorit\u00e9 de contr\u00f4le comp\u00e9tente. Pour ce faire, veuillez vous adresser \u00e0 l&#039;autorit\u00e9 de protection des donn\u00e9es de votre lieu de r\u00e9sidence ou \u00e0 l&#039;autorit\u00e9 de protection des donn\u00e9es de notre juridiction (cit\u00e9e ci-dessous).\u00a0<strong style=\"font-size: inherit;\">Agence espagnole de protection des donn\u00e9es (AEPD)\u00a0<\/strong><span style=\"font-size: inherit;\">\u00a0<\/span><a style=\"font-size: inherit;\" href=\"https:\/\/www.agpd.es\/\" target=\"_blank\" rel=\"noopener nofollow\">www.agpd.es\u00a0<\/a><\/li><\/ol><ol start=\"9\"><li><strong>Coordonn\u00e9es pour toute question relative \u00e0 la protection des donn\u00e9es<br \/><\/strong>Si vous avez des questions concernant la protection des donn\u00e9es ou l&#039;exercice de vos droits, vous pouvez contacter directement notre d\u00e9l\u00e9gu\u00e9 \u00e0 la protection des donn\u00e9es : SAIL EXPERIENCE HOLIDAY SL, Avda monast\u00e8re de silos 53 portail G 4A, 28049 Madrid et\u00a0<span style=\"font-size: inherit;\">INFO@SAILEXPERIENCEBCN.COM<\/span><\/li><\/ol><ol start=\"10\"><li><strong>Modifications de ces informations sur la protection des donn\u00e9es<br \/><\/strong>Ces informations sur la protection des donn\u00e9es refl\u00e8tent la forme actuelle du traitement des donn\u00e9es sur notre site Web.\u00a0<span style=\"font-size: inherit;\">En cas de modification du traitement des donn\u00e9es, les pr\u00e9sentes Informations sur la protection des donn\u00e9es seront mises \u00e0 jour en cons\u00e9quence.\u00a0<\/span><span style=\"font-size: inherit;\">Sur notre site Web, nous proposons toujours une version mise \u00e0 jour de ces informations sur la protection des donn\u00e9es afin que vous connaissiez l&#039;\u00e9tendue du traitement des donn\u00e9es sur notre site Web.\u00a0\u00a0<\/span><\/li><\/ol>\t\t\t\t\t\t\t\t<\/div>\n\t\t\t\t<\/div>\n\t\t\t\t\t<\/div>\n\t\t<\/div>\n\t\t\t\t\t<\/div>\n\t\t<\/section>\n\t\t\t\t<\/div>","protected":false},"excerpt":{"rendered":"<p>Traitement des donn\u00e9es utilisateur\u00a0: SAIL EXPERIENCE HOLIDAY SL int\u00e9grera les donn\u00e9es fournies par l&#039;utilisateur dans les formulaires et lors de l&#039;achat de tout produit dans un fichier respectant toutes les mesures de s\u00e9curit\u00e9 requises par la r\u00e9glementation en vigueur relative \u00e0 la protection des donn\u00e9es (RGPD). SAIL EXPERIENCE HOLIDAY SL ne c\u00e9dera ni ne communiquera les donn\u00e9es collect\u00e9es \u00e0\u2026 <a title=\"politique de confidentialit\u00e9\" class=\"read-more\" href=\"https:\/\/boattripbarcelona.com\/fr\/politique-de-confidentialite\/\" aria-label=\"En savoir plus sur Politique de confidentialit\u00e9\">Lire la suite<\/a><\/p>","protected":false},"author":1,"featured_media":0,"parent":0,"menu_order":0,"comment_status":"closed","ping_status":"open","template":"","meta":{"footnotes":""},"class_list":["post-3","page","type-page","status-publish"],"jetpack_sharing_enabled":true,"_links":{"self":[{"href":"https:\/\/boattripbarcelona.com\/fr\/wp-json\/wp\/v2\/pages\/3","targetHints":{"allow":["GET"]}}],"collection":[{"href":"https:\/\/boattripbarcelona.com\/fr\/wp-json\/wp\/v2\/pages"}],"about":[{"href":"https:\/\/boattripbarcelona.com\/fr\/wp-json\/wp\/v2\/types\/page"}],"author":[{"embeddable":true,"href":"https:\/\/boattripbarcelona.com\/fr\/wp-json\/wp\/v2\/users\/1"}],"replies":[{"embeddable":true,"href":"https:\/\/boattripbarcelona.com\/fr\/wp-json\/wp\/v2\/comments?post=3"}],"version-history":[{"count":0,"href":"https:\/\/boattripbarcelona.com\/fr\/wp-json\/wp\/v2\/pages\/3\/revisions"}],"wp:attachment":[{"href":"https:\/\/boattripbarcelona.com\/fr\/wp-json\/wp\/v2\/media?parent=3"}],"curies":[{"name":"wp","href":"https:\/\/api.w.org\/{rel}","templated":true}]}}