{"id":4475,"date":"2023-10-24T07:02:09","date_gmt":"2023-10-24T06:02:09","guid":{"rendered":"https:\/\/boattripbarcelona.com\/?page_id=4475"},"modified":"2023-10-24T07:25:57","modified_gmt":"2023-10-24T06:25:57","slug":"politique-de-remboursement","status":"publish","type":"page","link":"https:\/\/boattripbarcelona.com\/fr\/politique-de-remboursement\/","title":{"rendered":"Politique de remboursement"},"content":{"rendered":"<div data-elementor-type=\"wp-page\" data-elementor-id=\"4475\" class=\"elementor elementor-4475\" data-elementor-settings=\"{&quot;ha_cmc_init_switcher&quot;:&quot;no&quot;}\" data-elementor-post-type=\"page\">\n\t\t\t\t\t\t<section class=\"elementor-section elementor-top-section elementor-element elementor-element-35262b3 elementor-section-height-min-height elementor-section-boxed elementor-section-height-default elementor-section-items-middle\" data-id=\"35262b3\" data-element_type=\"section\" data-e-type=\"section\" data-settings=\"{&quot;background_background&quot;:&quot;classic&quot;,&quot;_ha_eqh_enable&quot;:false}\">\n\t\t\t\t\t\t\t<div class=\"elementor-background-overlay\"><\/div>\n\t\t\t\t\t\t\t<div class=\"elementor-container elementor-column-gap-default\">\n\t\t\t\t\t<div class=\"elementor-column elementor-col-100 elementor-top-column elementor-element elementor-element-ffec89a\" data-id=\"ffec89a\" data-element_type=\"column\" data-e-type=\"column\">\n\t\t\t<div class=\"elementor-widget-wrap elementor-element-populated\">\n\t\t\t\t\t\t<div class=\"elementor-element elementor-element-4f5227d elementor-widget elementor-widget-heading\" data-id=\"4f5227d\" data-element_type=\"widget\" data-e-type=\"widget\" data-widget_type=\"heading.default\">\n\t\t\t\t<div class=\"elementor-widget-container\">\n\t\t\t\t\t<h1 class=\"elementor-heading-title elementor-size-default\">Politique de remboursement<\/h1>\t\t\t\t<\/div>\n\t\t\t\t<\/div>\n\t\t\t\t\t<\/div>\n\t\t<\/div>\n\t\t\t\t\t<\/div>\n\t\t<\/section>\n\t\t\t\t<section class=\"elementor-section elementor-top-section elementor-element elementor-element-4b2abc1f elementor-section-boxed elementor-section-height-default elementor-section-height-default\" data-id=\"4b2abc1f\" data-element_type=\"section\" data-e-type=\"section\" data-settings=\"{&quot;_ha_eqh_enable&quot;:false}\">\n\t\t\t\t\t\t<div class=\"elementor-container elementor-column-gap-default\">\n\t\t\t\t\t<div class=\"elementor-column elementor-col-100 elementor-top-column elementor-element elementor-element-732c7fa8\" data-id=\"732c7fa8\" data-element_type=\"column\" data-e-type=\"column\">\n\t\t\t<div class=\"elementor-widget-wrap elementor-element-populated\">\n\t\t\t\t\t\t<div class=\"elementor-element elementor-element-495be7be elementor-widget elementor-widget-text-editor\" data-id=\"495be7be\" data-element_type=\"widget\" data-e-type=\"widget\" data-widget_type=\"text-editor.default\">\n\t\t\t\t<div class=\"elementor-widget-container\">\n\t\t\t\t\t\t\t\t\t\n<p>Les clients recevront \u00e9galement un remboursement complet ou un cr\u00e9dit en cas d\u2019annulation par l\u2019op\u00e9rateur en raison des conditions m\u00e9t\u00e9orologiques ou d\u2019autres circonstances impr\u00e9vues.<\/p>\n<p>Les annulations 6 jours calendaires jusqu&#039;\u00e0 48 heures avant le d\u00e9part recevront un remboursement 50%.<\/p>\n\n<p>Les annulations effectu\u00e9es 24 heures avant le d\u00e9part donneront droit \u00e0 un remboursement 20%. Les annulations effectu\u00e9es moins de 24 heures avant le d\u00e9part ne donnent droit \u00e0 aucun remboursement. Contactez-nous par t\u00e9l\u00e9phone pour annuler ou vous renseigner sur une annulation. Les non-pr\u00e9sentations seront factur\u00e9es au prix fort.<\/p>\n\t\t\t\t\t\t\t\t<\/div>\n\t\t\t\t<\/div>\n\t\t\t\t\t<\/div>\n\t\t<\/div>\n\t\t\t\t\t<\/div>\n\t\t<\/section>\n\t\t\t\t<\/div>","protected":false},"excerpt":{"rendered":"<p>Les clients b\u00e9n\u00e9ficieront \u00e9galement d&#039;un remboursement int\u00e9gral ou d&#039;un avoir en cas d&#039;annulation par l&#039;op\u00e9rateur en raison de conditions m\u00e9t\u00e9orologiques ou d&#039;autres circonstances impr\u00e9vues. Les annulations effectu\u00e9es entre 6 jours calendaires et 48 heures avant le d\u00e9part donneront droit \u00e0 un remboursement (50%). Les annulations effectu\u00e9es 24 heures avant le d\u00e9part donneront droit \u00e0 un remboursement (20%). Les annulations effectu\u00e9es moins de 24 heures avant le d\u00e9part\u2026 <a title=\"Politique de remboursement\" class=\"read-more\" href=\"https:\/\/boattripbarcelona.com\/fr\/politique-de-remboursement\/\" aria-label=\"En savoir plus sur Politique de remboursement\">Lire la suite<\/a><\/p>","protected":false},"author":1,"featured_media":0,"parent":0,"menu_order":0,"comment_status":"closed","ping_status":"closed","template":"","meta":{"footnotes":""},"class_list":["post-4475","page","type-page","status-publish"],"jetpack_sharing_enabled":true,"_links":{"self":[{"href":"https:\/\/boattripbarcelona.com\/fr\/wp-json\/wp\/v2\/pages\/4475","targetHints":{"allow":["GET"]}}],"collection":[{"href":"https:\/\/boattripbarcelona.com\/fr\/wp-json\/wp\/v2\/pages"}],"about":[{"href":"https:\/\/boattripbarcelona.com\/fr\/wp-json\/wp\/v2\/types\/page"}],"author":[{"embeddable":true,"href":"https:\/\/boattripbarcelona.com\/fr\/wp-json\/wp\/v2\/users\/1"}],"replies":[{"embeddable":true,"href":"https:\/\/boattripbarcelona.com\/fr\/wp-json\/wp\/v2\/comments?post=4475"}],"version-history":[{"count":0,"href":"https:\/\/boattripbarcelona.com\/fr\/wp-json\/wp\/v2\/pages\/4475\/revisions"}],"wp:attachment":[{"href":"https:\/\/boattripbarcelona.com\/fr\/wp-json\/wp\/v2\/media?parent=4475"}],"curies":[{"name":"wp","href":"https:\/\/api.w.org\/{rel}","templated":true}]}}