{"id":775,"date":"2022-09-27T17:30:02","date_gmt":"2022-09-27T17:30:02","guid":{"rendered":"https:\/\/stage.boattripbarcelona.com\/?page_id=775"},"modified":"2025-12-23T10:30:54","modified_gmt":"2025-12-23T09:30:54","slug":"politique-de-cookies","status":"publish","type":"page","link":"https:\/\/boattripbarcelona.com\/fr\/politique-de-cookies\/","title":{"rendered":"Politique de cookies"},"content":{"rendered":"<div data-elementor-type=\"wp-page\" data-elementor-id=\"775\" class=\"elementor elementor-775\" data-elementor-settings=\"{&quot;ha_cmc_init_switcher&quot;:&quot;no&quot;}\" data-elementor-post-type=\"page\">\n\t\t\t\t\t\t<section class=\"elementor-section elementor-top-section elementor-element elementor-element-2cef3eb elementor-section-height-min-height elementor-section-boxed elementor-section-height-default elementor-section-items-middle\" data-id=\"2cef3eb\" data-element_type=\"section\" data-e-type=\"section\" data-settings=\"{&quot;background_background&quot;:&quot;classic&quot;,&quot;_ha_eqh_enable&quot;:false}\">\n\t\t\t\t\t\t\t<div class=\"elementor-background-overlay\"><\/div>\n\t\t\t\t\t\t\t<div class=\"elementor-container elementor-column-gap-default\">\n\t\t\t\t\t<div class=\"elementor-column elementor-col-100 elementor-top-column elementor-element elementor-element-b5894a4\" data-id=\"b5894a4\" data-element_type=\"column\" data-e-type=\"column\">\n\t\t\t<div class=\"elementor-widget-wrap elementor-element-populated\">\n\t\t\t\t\t\t<div class=\"elementor-element elementor-element-da785e8 elementor-widget elementor-widget-heading\" data-id=\"da785e8\" data-element_type=\"widget\" data-e-type=\"widget\" data-widget_type=\"heading.default\">\n\t\t\t\t<div class=\"elementor-widget-container\">\n\t\t\t\t\t<h1 class=\"elementor-heading-title elementor-size-default\">Politique de cookies<\/h1>\t\t\t\t<\/div>\n\t\t\t\t<\/div>\n\t\t\t\t<div class=\"elementor-element elementor-element-90df35f breadcrumbs elementor-widget elementor-widget-shortcode\" data-id=\"90df35f\" data-element_type=\"widget\" data-e-type=\"widget\" data-widget_type=\"shortcode.default\">\n\t\t\t\t<div class=\"elementor-widget-container\">\n\t\t\t\t\t\t\t<div class=\"elementor-shortcode\"><nav aria-label=\"chapelure\" class=\"rank-math-breadcrumb\"><p><span class=\"last\">Maison<\/span><\/p><\/nav><\/div>\n\t\t\t\t\t\t<\/div>\n\t\t\t\t<\/div>\n\t\t\t\t\t<\/div>\n\t\t<\/div>\n\t\t\t\t\t<\/div>\n\t\t<\/section>\n\t\t\t\t<section class=\"elementor-section elementor-top-section elementor-element elementor-element-82de37e elementor-section-boxed elementor-section-height-default elementor-section-height-default\" data-id=\"82de37e\" data-element_type=\"section\" data-e-type=\"section\" data-settings=\"{&quot;_ha_eqh_enable&quot;:false}\">\n\t\t\t\t\t\t<div class=\"elementor-container elementor-column-gap-default\">\n\t\t\t\t\t<div class=\"elementor-column elementor-col-100 elementor-top-column elementor-element elementor-element-7456de2\" data-id=\"7456de2\" data-element_type=\"column\" data-e-type=\"column\">\n\t\t\t<div class=\"elementor-widget-wrap elementor-element-populated\">\n\t\t\t\t\t\t<div class=\"elementor-element elementor-element-32500f8 elementor-widget elementor-widget-text-editor\" data-id=\"32500f8\" data-element_type=\"widget\" data-e-type=\"widget\" data-widget_type=\"text-editor.default\">\n\t\t\t\t<div class=\"elementor-widget-container\">\n\t\t\t\t\t\t\t\t\t<h1>Politique relative aux cookies<\/h1>\n\n<h2>1. Que sont les cookies ?<\/h2>\n<p>\nLes cookies sont de petits fichiers texte qui sont stock\u00e9s sur l&#039;appareil de l&#039;utilisateur lorsqu&#039;il visite un site web. Ils servent \u00e0 reconna\u00eetre l&#039;utilisateur, \u00e0 m\u00e9moriser ses pr\u00e9f\u00e9rences et \u00e0 am\u00e9liorer son exp\u00e9rience de navigation.\n<\/p>\n\n<h2>2. Utilisation des cookies sur ce site web<\/h2>\n<p>\nLe site web <strong>boattripbarcelona.com<\/strong> utilise ses propres cookies et des cookies tiers pour assurer le bon fonctionnement du site web, analyser la mani\u00e8re dont les utilisateurs interagissent avec le site et, le cas \u00e9ch\u00e9ant, fournir un contenu personnalis\u00e9.\n<\/p>\n\n<h2>3. Types de cookies utilis\u00e9s<\/h2>\n\n<h3>cookies techniques ou n\u00e9cessaires<\/h3>\n<p>\nCes cookies sont indispensables au bon fonctionnement du site web et ne n\u00e9cessitent pas le consentement de l&#039;utilisateur. Ils permettent des fonctions essentielles telles que la navigation sur les pages ou l&#039;acc\u00e8s aux zones s\u00e9curis\u00e9es.\n<\/p>\n\n<h3>Cookies analytiques<\/h3>\n<p>\nCes cookies permettent de quantifier le nombre d&#039;utilisateurs et de mesurer et d&#039;analyser statistiquement la fa\u00e7on dont les utilisateurs utilisent le site web, afin d&#039;am\u00e9liorer les services propos\u00e9s.\n<\/p>\n\n<h3>Cookies de personnalisation<\/h3>\n<p>\nCes cookies permettent de m\u00e9moriser des informations afin que l&#039;utilisateur acc\u00e8de au service avec certaines caract\u00e9ristiques, telles que la langue ou le type de navigateur.\n<\/p>\n\n<h3>cookies publicitaires et marketing<\/h3>\n<p>\nCes cookies sont utilis\u00e9s pour g\u00e9rer les espaces publicitaires et suivre le comportement des utilisateurs afin d&#039;afficher des publicit\u00e9s pertinentes.\n<\/p>\n\n<h2>4. Cookies tiers<\/h2>\n<p>\nCe site web peut utiliser des services tiers qui collectent des informations \u00e0 des fins statistiques, pour l&#039;analyse de l&#039;utilisation du site et pour la fourniture d&#039;autres services li\u00e9s \u00e0 l&#039;activit\u00e9 du site web.\n<\/p>\n\n<p>\nCe site web peut notamment utiliser des services d&#039;analyse tels que Google Analytics.\n<\/p>\n\n<ul>\n  <li>Google Analytics\u00a0: \n    <a href=\"https:\/\/policies.google.com\/technologies\/cookies\" target=\"_blank\" rel=\"noopener nofollow\">\n      https:\/\/policies.google.com\/technologies\/cookies\n    <\/a>\n  <\/li>\n<\/ul>\n\n<h2>5. Consent<\/h2>\n<p>\nLors de sa navigation sur ce site web, l&#039;utilisateur peut accepter, refuser ou configurer l&#039;utilisation des cookies non essentiels via la banni\u00e8re d&#039;information sur les cookies. Ces cookies ne seront install\u00e9s qu&#039;avec le consentement explicite de l&#039;utilisateur.\n<\/p>\n\n<h2>6. Comment g\u00e9rer ou supprimer les cookies<\/h2>\n<p>\nLes utilisateurs peuvent autoriser, bloquer ou supprimer les cookies install\u00e9s sur leur appareil via les param\u00e8tres du navigateur utilis\u00e9 pour acc\u00e9der au site web.\n<\/p>\n\n<p>\nVous trouverez ci-dessous des liens vers les pages de configuration des navigateurs les plus courants\u00a0:\n<\/p>\n\n<ul>\n  <li>Google Chrome<\/li>\n  <li>Mozilla Firefox<\/li>\n  <li>Safari<\/li>\n  <li>Microsoft Edge<\/li>\n<\/ul>\n\n<p>\nLa d\u00e9sactivation des cookies peut affecter le bon fonctionnement de certaines sections du site web.\n<\/p>\n\n<h2>7. Modifications de la pr\u00e9sente politique relative aux cookies<\/h2>\n<p>\nLa pr\u00e9sente politique relative aux cookies peut \u00eatre mise \u00e0 jour afin de se conformer aux exigences l\u00e9gales ou r\u00e9glementaires ou de s&#039;adapter aux instructions \u00e9mises par les autorit\u00e9s de surveillance.\n<\/p>\n\n<p>\nIl est conseill\u00e9 aux utilisateurs de consulter r\u00e9guli\u00e8rement cette politique.\n<\/p>\n\t\t\t\t\t\t\t\t<\/div>\n\t\t\t\t<\/div>\n\t\t\t\t\t<\/div>\n\t\t<\/div>\n\t\t\t\t\t<\/div>\n\t\t<\/section>\n\t\t\t\t<\/div>","protected":false},"excerpt":{"rendered":"<p>Cookie Policy 1. What are cookies? Cookies are small text files that are stored on the user\u2019s device when visiting a website. They are used to recognize the user, remember preferences and improve the browsing experience. 2. Use of cookies on this website The website boattripbarcelona.com uses its own cookies and third-party cookies to ensure &#8230; <a title=\"Politique de cookies\" class=\"read-more\" href=\"https:\/\/boattripbarcelona.com\/fr\/politique-de-cookies\/\" aria-label=\"En savoir plus sur Cookies Policy\">Lire la suite<\/a><\/p>","protected":false},"author":1,"featured_media":0,"parent":0,"menu_order":0,"comment_status":"closed","ping_status":"closed","template":"","meta":{"footnotes":""},"class_list":["post-775","page","type-page","status-publish"],"jetpack_sharing_enabled":true,"_links":{"self":[{"href":"https:\/\/boattripbarcelona.com\/fr\/wp-json\/wp\/v2\/pages\/775","targetHints":{"allow":["GET"]}}],"collection":[{"href":"https:\/\/boattripbarcelona.com\/fr\/wp-json\/wp\/v2\/pages"}],"about":[{"href":"https:\/\/boattripbarcelona.com\/fr\/wp-json\/wp\/v2\/types\/page"}],"author":[{"embeddable":true,"href":"https:\/\/boattripbarcelona.com\/fr\/wp-json\/wp\/v2\/users\/1"}],"replies":[{"embeddable":true,"href":"https:\/\/boattripbarcelona.com\/fr\/wp-json\/wp\/v2\/comments?post=775"}],"version-history":[{"count":3,"href":"https:\/\/boattripbarcelona.com\/fr\/wp-json\/wp\/v2\/pages\/775\/revisions"}],"predecessor-version":[{"id":5604,"href":"https:\/\/boattripbarcelona.com\/fr\/wp-json\/wp\/v2\/pages\/775\/revisions\/5604"}],"wp:attachment":[{"href":"https:\/\/boattripbarcelona.com\/fr\/wp-json\/wp\/v2\/media?parent=775"}],"curies":[{"name":"wp","href":"https:\/\/api.w.org\/{rel}","templated":true}]}}