{"id":2232,"date":"2022-10-20T19:30:09","date_gmt":"2022-10-20T19:30:09","guid":{"rendered":"https:\/\/stage.boattripbarcelona.com\/terms-and-conditions\/"},"modified":"2022-10-20T20:47:49","modified_gmt":"2022-10-20T20:47:49","slug":"termini-e-condizioni","status":"publish","type":"page","link":"https:\/\/boattripbarcelona.com\/it\/termini-e-condizioni\/","title":{"rendered":"T\u00e9rminos y Condiciones"},"content":{"rendered":"<div data-elementor-type=\"wp-page\" data-elementor-id=\"2232\" class=\"elementor elementor-2232\" data-elementor-settings=\"{&quot;ha_cmc_init_switcher&quot;:&quot;no&quot;}\" data-elementor-post-type=\"page\">\n\t\t\t\t\t\t<section class=\"elementor-section elementor-top-section elementor-element elementor-element-cc94800 elementor-section-height-min-height elementor-section-boxed elementor-section-height-default elementor-section-items-middle\" data-id=\"cc94800\" data-element_type=\"section\" data-e-type=\"section\" data-settings=\"{&quot;background_background&quot;:&quot;classic&quot;,&quot;_ha_eqh_enable&quot;:false}\">\n\t\t\t\t\t\t\t<div class=\"elementor-background-overlay\"><\/div>\n\t\t\t\t\t\t\t<div class=\"elementor-container elementor-column-gap-default\">\n\t\t\t\t\t<div class=\"elementor-column elementor-col-100 elementor-top-column elementor-element elementor-element-69158c8\" data-id=\"69158c8\" data-element_type=\"column\" data-e-type=\"column\">\n\t\t\t<div class=\"elementor-widget-wrap elementor-element-populated\">\n\t\t\t\t\t\t<div class=\"elementor-element elementor-element-92c0406 elementor-widget elementor-widget-heading\" data-id=\"92c0406\" data-element_type=\"widget\" data-e-type=\"widget\" data-widget_type=\"heading.default\">\n\t\t\t\t<div class=\"elementor-widget-container\">\n\t\t\t\t\t<h1 class=\"elementor-heading-title elementor-size-default\">T\u00e9rminos y Condiciones<\/h1>\t\t\t\t<\/div>\n\t\t\t\t<\/div>\n\t\t\t\t<div class=\"elementor-element elementor-element-5551fb5 breadcrumbs elementor-widget elementor-widget-shortcode\" data-id=\"5551fb5\" data-element_type=\"widget\" data-e-type=\"widget\" data-widget_type=\"shortcode.default\">\n\t\t\t\t<div class=\"elementor-widget-container\">\n\t\t\t\t\t\t\t<div class=\"elementor-shortcode\"><nav aria-label=\"briciole di pane\" class=\"rank-math-breadcrumb\"><p><span class=\"last\">Casa<\/span><\/p><\/nav><\/div>\n\t\t\t\t\t\t<\/div>\n\t\t\t\t<\/div>\n\t\t\t\t\t<\/div>\n\t\t<\/div>\n\t\t\t\t\t<\/div>\n\t\t<\/section>\n\t\t\t\t<section class=\"elementor-section elementor-top-section elementor-element elementor-element-ef32fc6 elementor-section-boxed elementor-section-height-default elementor-section-height-default\" data-id=\"ef32fc6\" data-element_type=\"section\" data-e-type=\"section\" data-settings=\"{&quot;_ha_eqh_enable&quot;:false}\">\n\t\t\t\t\t\t<div class=\"elementor-container elementor-column-gap-default\">\n\t\t\t\t\t<div class=\"elementor-column elementor-col-100 elementor-top-column elementor-element elementor-element-514fea1\" data-id=\"514fea1\" data-element_type=\"column\" data-e-type=\"column\">\n\t\t\t<div class=\"elementor-widget-wrap elementor-element-populated\">\n\t\t\t\t\t\t<div class=\"elementor-element elementor-element-670e6e8 elementor-widget elementor-widget-text-editor\" data-id=\"670e6e8\" data-element_type=\"widget\" data-e-type=\"widget\" data-widget_type=\"text-editor.default\">\n\t\t\t\t<div class=\"elementor-widget-container\">\n\t\t\t\t\t\t\t\t\t<p><strong><span>1. Titolo della pagina web<\/span><\/strong><span> La presente pagina web \u00e8 di propriet\u00e0 di <\/span><strong><em><span>ESPERIENZA DI VACANZA IN VELA SL<\/span><\/em><\/strong><span> , domicilio social en Avda monasterio de silos 53 portale G 4A, 28049 madrid, B87671889, direcci\u00f3n de correo electronico <\/span><span>INFO@SAILEXPERIENCEBCN.COM <\/span> <span>, inscrita en el tomo 35219, folio 24, secci\u00f3n 8, hoja 633291. Questa pagina web contiene informazioni commerciali su corsi sportivi e attivit\u00e0.<\/span><\/p>\n<p><strong><span>2. Propriet\u00e0 intellettuale del web<\/span><\/strong><span> Tutti i diritti di propriet\u00e0 intellettuale del contenuto di questa pagina web e del suo disegno grafico, sono propriet\u00e0 esclusiva di SAIL EXPERIENCE HOLIDAY SL ed es a quien lematche el ejercicio exclusivo de los derechos de explotaci\u00f3n de los mismos. Pertanto, \u00e8 vietata la riproduzione, distribuzione, comunicazione pubblica e modifica, totale o parziale, senza previa autorizzazione espressa di SAIL EXPERIENCE HOLIDAY SL. Con uguale forma, tutti i segni distintivi, marchi, nomi commerciali o segni di qualsiasi classe contenuta in questa pagina web sono protetti dalla legge.<\/span><\/p>\n<p><strong><span>3. Contenuto del web e dei collegamenti<\/span><\/strong><span> SAIL EXPERIENCE HOLIDAY SL. Nessuna responsabilit\u00e0 per l&#039;uso improprio dei contenuti della propria pagina web, poich\u00e9 \u00e8 responsabilit\u00e0 esclusiva della persona che accede a essi o all&#039;utilizzo. Tampoco si assume la responsabilit\u00e0 di qualsiasi informazione contenuta nelle pagine web di terzi. La presenza di questi collegamenti ha una finalit\u00e0 informativa e non costituisce in nessun caso un invito alla contrattazione di prodotti o servizi che possono essere offerti nella pagina web di destinazione. Nel caso in cui SAIL EXPERIENCE HOLIDAY SL abbia una conoscenza effettiva del fatto che l&#039;attivit\u00e0 o le informazioni fornite su questi collegamenti sono illecite, costitutive del delito che pu\u00f2 lesionare beni o diritti di terzi suscettibili di indennizzo, si attiver\u00e0 la diligenza necessaria per superare o utilizzare il collegamento corrispondente alla mayor brevedad posible.<\/span><\/p>\n<p><strong><span>4. Aggiornamento e modifica della pagina web<\/span><\/strong><span> SAIL EXPERIENCE HOLIDAY SL si riserva il diritto di aggiornare, modificare o eliminare le informazioni contenute nella sua pagina web e la sua configurazione o presentazione, in qualsiasi momento, senza preavviso e senza assumere alcun tipo di responsabilit\u00e0 per farlo.<\/span><\/p>\n<p><strong><span>5. Indicazioni sugli aspetti tecnici<\/span><\/strong><span> SAIL EXPERIENCE HOLIDAY SL non si assume alcuna responsabilit\u00e0 derivante da problemi tecnici o fallimenti nei team informatici che si verificano durante la connessione a Internet o che possono essere originati da terze persone a causa di intrusioni illegittime fuori dal suo controllo. Desde SAIL EXPERIENCE HOLIDAY SL non garantisce l&#039;assenza di virus e altri elementi che potrebbero causare danni ai sistemi informatici o ai documenti elettronici di questa pagina web o di terze pagine web, e non \u00e8 responsabile dei danni e dei danni che si possono produrre per questi motivi. De igual forma, no se responsabiliza ante posibles da\u00f1os y perjuicios que puedan infectar al usuario como consecuencia de errores, difettos u omisiones en la informaci\u00f3n que facilita cuando procede de terceras fuentes.<\/span><\/p>\n<p><strong><span>6. Legislazione e giurisdizione applicabili<\/span><\/strong><span> Ambas partes, se qualche volta ai giudici e ai tribunali che corrispondono in base alla legislaci\u00f3n que sea de aplicaci\u00f3n, per trattare las divergencias derivadas de la interpretaci\u00f3n y aplicaci\u00f3n del presente contratto. od\u00e9is leer en estas dos otras p\u00e1ginas nostra <\/span><strong><span>privacy e cookie<\/span><\/strong><span> politica e la nostra <\/span><strong><span>politica di ritorno<\/span><\/strong><span> su queste altre due pagine. L&#039;utente pu\u00f2 utilizzare un <\/span><strong><span>modulo di richiesta<\/span><\/strong><span> fornito dalla Generalitat de Catalunya.<\/span><\/p>\n\t\t\t\t\t\t\t\t<\/div>\n\t\t\t\t<\/div>\n\t\t\t\t\t<\/div>\n\t\t<\/div>\n\t\t\t\t\t<\/div>\n\t\t<\/section>\n\t\t\t\t<\/div>","protected":false},"excerpt":{"rendered":"<p>1. Titularidad de la p\u00e1gina web La presenta p\u00e1gina web es propiedad de SAIL EXPERIENCE HOLIDAY SL , domicilio social en Avda monasterio de silos 53 portal G 4A, 28049 madrid, B87671889, direcci\u00f3n de correo electr\u00f3nico INFO@SAILEXPERIENCEBCN.COM , inscrita en el tomo 35219, folio 24, secci\u00f3n 8, hoja 633291. Esta p\u00e1gina web contiene informaci\u00f3n comercial &#8230; <a title=\"T\u00e9rminos y Condiciones\" class=\"read-more\" href=\"https:\/\/boattripbarcelona.com\/it\/termini-e-condizioni\/\" aria-label=\"Per saperne di pi\u00f9 su T\u00e9rminos y Condiciones\">Leggi tutto<\/a><\/p>","protected":false},"author":1,"featured_media":0,"parent":0,"menu_order":0,"comment_status":"closed","ping_status":"closed","template":"","meta":{"footnotes":""},"class_list":["post-2232","page","type-page","status-publish"],"jetpack_sharing_enabled":true,"_links":{"self":[{"href":"https:\/\/boattripbarcelona.com\/it\/wp-json\/wp\/v2\/pages\/2232","targetHints":{"allow":["GET"]}}],"collection":[{"href":"https:\/\/boattripbarcelona.com\/it\/wp-json\/wp\/v2\/pages"}],"about":[{"href":"https:\/\/boattripbarcelona.com\/it\/wp-json\/wp\/v2\/types\/page"}],"author":[{"embeddable":true,"href":"https:\/\/boattripbarcelona.com\/it\/wp-json\/wp\/v2\/users\/1"}],"replies":[{"embeddable":true,"href":"https:\/\/boattripbarcelona.com\/it\/wp-json\/wp\/v2\/comments?post=2232"}],"version-history":[{"count":0,"href":"https:\/\/boattripbarcelona.com\/it\/wp-json\/wp\/v2\/pages\/2232\/revisions"}],"wp:attachment":[{"href":"https:\/\/boattripbarcelona.com\/it\/wp-json\/wp\/v2\/media?parent=2232"}],"curies":[{"name":"parola chiave","href":"https:\/\/api.w.org\/{rel}","templated":true}]}}