{"id":3,"date":"2022-07-27T20:35:01","date_gmt":"2022-07-27T20:35:01","guid":{"rendered":"https:\/\/stage.boattripbarcelona.com\/?page_id=3"},"modified":"2023-10-24T07:38:35","modified_gmt":"2023-10-24T06:38:35","slug":"politica-sulla-riservatezza","status":"publish","type":"page","link":"https:\/\/boattripbarcelona.com\/it\/politica-sulla-riservatezza\/","title":{"rendered":"politica sulla riservatezza"},"content":{"rendered":"<div data-elementor-type=\"wp-page\" data-elementor-id=\"3\" class=\"elementor elementor-3\" data-elementor-settings=\"{&quot;ha_cmc_init_switcher&quot;:&quot;no&quot;}\" data-elementor-post-type=\"page\">\n\t\t\t\t\t\t<section class=\"elementor-section elementor-top-section elementor-element elementor-element-10ff583 elementor-section-height-min-height elementor-section-boxed elementor-section-height-default elementor-section-items-middle\" data-id=\"10ff583\" data-element_type=\"section\" data-e-type=\"section\" data-settings=\"{&quot;background_background&quot;:&quot;classic&quot;,&quot;_ha_eqh_enable&quot;:false}\">\n\t\t\t\t\t\t\t<div class=\"elementor-background-overlay\"><\/div>\n\t\t\t\t\t\t\t<div class=\"elementor-container elementor-column-gap-default\">\n\t\t\t\t\t<div class=\"elementor-column elementor-col-100 elementor-top-column elementor-element elementor-element-b32fa72\" data-id=\"b32fa72\" data-element_type=\"column\" data-e-type=\"column\">\n\t\t\t<div class=\"elementor-widget-wrap elementor-element-populated\">\n\t\t\t\t\t\t<div class=\"elementor-element elementor-element-a697740 elementor-widget elementor-widget-heading\" data-id=\"a697740\" data-element_type=\"widget\" data-e-type=\"widget\" data-widget_type=\"heading.default\">\n\t\t\t\t<div class=\"elementor-widget-container\">\n\t\t\t\t\t<h1 class=\"elementor-heading-title elementor-size-default\">politica sulla riservatezza<\/h1>\t\t\t\t<\/div>\n\t\t\t\t<\/div>\n\t\t\t\t<div class=\"elementor-element elementor-element-bc6f1d5 breadcrumbs elementor-widget elementor-widget-shortcode\" data-id=\"bc6f1d5\" data-element_type=\"widget\" data-e-type=\"widget\" data-widget_type=\"shortcode.default\">\n\t\t\t\t<div class=\"elementor-widget-container\">\n\t\t\t\t\t\t\t<div class=\"elementor-shortcode\"><nav aria-label=\"briciole di pane\" class=\"rank-math-breadcrumb\"><p><span class=\"last\">Casa<\/span><\/p><\/nav><\/div>\n\t\t\t\t\t\t<\/div>\n\t\t\t\t<\/div>\n\t\t\t\t\t<\/div>\n\t\t<\/div>\n\t\t\t\t\t<\/div>\n\t\t<\/section>\n\t\t\t\t<section class=\"elementor-section elementor-top-section elementor-element elementor-element-f46d36b elementor-section-boxed elementor-section-height-default elementor-section-height-default\" data-id=\"f46d36b\" data-element_type=\"section\" data-e-type=\"section\" data-settings=\"{&quot;_ha_eqh_enable&quot;:false}\">\n\t\t\t\t\t\t<div class=\"elementor-container elementor-column-gap-default\">\n\t\t\t\t\t<div class=\"elementor-column elementor-col-100 elementor-top-column elementor-element elementor-element-a071007\" data-id=\"a071007\" data-element_type=\"column\" data-e-type=\"column\">\n\t\t\t<div class=\"elementor-widget-wrap elementor-element-populated\">\n\t\t\t\t\t\t<div class=\"elementor-element elementor-element-33bfa02 elementor-widget elementor-widget-text-editor\" data-id=\"33bfa02\" data-element_type=\"widget\" data-e-type=\"widget\" data-widget_type=\"text-editor.default\">\n\t\t\t\t<div class=\"elementor-widget-container\">\n\t\t\t\t\t\t\t\t\t<p><strong>Elaborazione dei dati dell&#039;utente<\/strong><strong><br \/><\/strong><\/p><ul><li><em style=\"font-size: inherit;\"><strong>SAIL EXPERIENCE HOLIDAY SL includer\u00e0 i dati forniti dall&#039;utente nei moduli e durante il processo di acquisto di qualsiasi prodotto in un file<\/strong><\/em><span style=\"font-size: inherit;\">\u00a0\u00a0che avr\u00e0 tutte le misure di sicurezza necessarie richieste dalle attuali normative sulla protezione dei dati GDPR. SAIL EXPERIENCE HOLIDAY SL non trasferir\u00e0 n\u00e9 comunicher\u00e0 i dati raccolti a terzi senza il previo consenso espresso dell&#039;utente. Nel caso in cui tali dati possano essere rubati o il sito web presenti una falla di sicurezza tale da considerare che ci\u00f2 si sia verificato, SAIL EXPERIENCE HOLIDAY SL si impegna a notificare lo studente entro 72 ore affinch\u00e9 possa decidere se desidera rimuovere i dati dal nostro archivio.\u00a0<\/span><\/li><li><em style=\"font-size: inherit;\"><strong>I dati raccolti dal sito sono relativi alle informazioni necessarie alla registrazione<\/strong><\/em><em style=\"font-size: inherit;\"><strong>e rilascio di titoli nautici.\u00a0<\/strong><\/em><span style=\"font-size: inherit;\">In particolare, vengono raccolti solo i dati relativi all&#039;identificazione dello studente (nomi, cognomi, indirizzi e numeri di documento di identit\u00e0 nella pagina &quot;Termina ordine&quot; del processo di acquisto) e i dati di preferenza del corso e altre attivit\u00e0 in questa stessa pagina e nei moduli presenti in tutte le pagine web. Gli utenti di et\u00e0 inferiore ai 16 anni devono fornire i propri dati solo con il consenso dei genitori o dei tutori legali. Il nostro sito web pu\u00f2 contenere collegamenti ad altre pagine. Non siamo responsabili del trattamento dei tuoi dati su questi siti di terze parti o della loro conformit\u00e0 alle disposizioni sulla protezione dei dati. Si prega di tenere in considerazione le Informazioni sulla protezione dei dati che forniscono.\u00a0<\/span><\/li><li><strong style=\"font-size: inherit;\"><em>I dati raccolti dal sito web saranno conservati a tempo indeterminato esclusivamente per scopi informativi e commerciali relativi ai prodotti e servizi nautici dell&#039;azienda.<\/em>\u00a0<\/strong><span style=\"font-size: inherit;\">In particolare, \u00e8 essenziale salvare i dati personali per poter informare l&#039;utente sullo stato attuale della sua carriera accademica, sui cambiamenti di normativa, sui nuovi servizi nautici e altre novit\u00e0 che potrebbero interessargli come laureato o utente nautico. Quando l&#039;utente fornisce i propri dati tramite il nostro indirizzo e-mail o il modulo di contatto, autorizza espressamente SAIL EXPERIENCE HOLIDAY SL a conservare e trattare indefinitamente i suoi Dati Personali al fine di soddisfare le sue richieste di servizio o domande e, in caso di iscrizione alle nostre newsletter, a inviargli informazioni relative ai servizi offerti dalla societ\u00e0.\u00a0<\/span><\/li><li><em style=\"font-size: inherit;\"><strong>Diritto dell\u2019utente di richiedere tali dati e di cancellarli.\u00a0<\/strong><\/em><span style=\"font-size: inherit;\">L&#039;utente potr\u00e0 esercitare i propri diritti di accesso, rettifica, cancellazione e opposizione, scrivendo a SAIL EXPERIENCE HOLIDAY SL, Responsabile dell&#039;Archivio, con sede in Avda Monastery de Silos 53 Portal G 4A, 28049 Madrid, oppure all&#039;indirizzo e-mail\u00a0<\/span><span style=\"font-size: inherit;\">INFO@SAILEXPERIENCEBCN.COM.<\/span><span style=\"font-size: inherit;\">\u00a0\u00a0<\/span><\/li><\/ul><ul><li><strong>Utilizzo dei cookie <\/strong><em style=\"font-size: inherit;\"><strong>Questo sito web utilizza i cookie per eseguire analisi di processi automatizzati con Google Analytics.\u00a0<\/strong>\u00a0<\/em><span style=\"font-size: inherit;\">I cookie sono associati solo al browser di un dato computer e non forniscono di per s\u00e9 alcun dato personale dell&#039;utente. L&#039;Utente pu\u00f2 configurare il proprio browser per essere avvisato sullo schermo della ricezione dei cookie e per impedire l&#039;installazione di cookie sul proprio disco rigido, anche se se sceglie di disattivare l&#039;uso dei cookie, il funzionamento di questa pagina web potrebbe essere influenzato. . Consultare le istruzioni e i manuali del proprio browser per ulteriori informazioni.\u00a0\u00a0<\/span><\/li><\/ul><ul><li><strong>Reti sociali <\/strong>Attraverso il nostro sito web \u00e8 possibile accedere ai social network Facebook, Twitter o Youtube, con accesso libero a tutti gli utenti.\u00a0<span style=\"font-size: inherit;\">Si tratta di siti web in cui l&#039;utente pu\u00f2 registrarsi e seguirci gratuitamente.\u00a0<\/span><span style=\"font-size: inherit;\">Su questi social network gli utenti potranno conoscere le nostre attivit\u00e0, le nostre opinioni, accedere a foto e video.\u00a0<\/span><span style=\"font-size: inherit;\">Gli utenti di questi social network devono essere consapevoli che questo spazio \u00e8 indipendente dal web https:\/\/anclademia.com ed \u00e8 aperto, cio\u00e8 \u00e8 visibile a tutti i suoi utenti, e le politiche sulla privacy da applicare a questi contenuti sono quelle stabilite da Facebook, Twitter o Youtube.\u00a0<\/span><span style=\"font-size: inherit;\">SAIL EXPERIENCE HOLIDAY SL non \u00e8 proprietaria dei suddetti social network.\u00a0 \u00a0 \u00a0\u00a0<\/span><\/li><\/ul><p><strong>Diritti dell&#039;utente<\/strong><\/p><ol><li><strong>Diritto di accesso alle informazioni sui tuoi dati<br \/><\/strong>Su tua richiesta, ti forniremo informazioni sui dati che conserviamo su di te.<\/li><\/ol><ol start=\"2\"><li><strong>Diritto di rettifica dei dati<br \/><\/strong>Quando ci informerai, correggeremo eventuali dati personali inesatti che ti riguardano.\u00a0<span style=\"font-size: inherit;\">Se lo richiedi, completeremo i dati personali incompleti, nella misura in cui ci\u00f2 sar\u00e0 necessario per la finalit\u00e0 prevista per il trattamento dei tuoi dati.<\/span><\/li><\/ol><ol start=\"3\"><li><strong>Diritto di cancellazione dei dati<br \/><\/strong>Su tua richiesta, cancelleremo i dati che ti riguardano in nostro possesso.\u00a0<span style=\"font-size: inherit;\">Tuttavia, alcuni dati verranno cancellati solo dopo un certo periodo di conservazione, ad esempio quando devono essere conservati per l&#039;adempimento di un obbligo di legge o perch\u00e9 abbiamo bisogno dei dati per adempiere ad obblighi contrattuali nei tuoi confronti.<\/span><\/li><\/ol><ol start=\"4\"><li><strong>Diritto di bloccare i tuoi dati<br \/><\/strong>Nei casi in cui la normativa prevede la limitazione del trattamento dei tuoi dati, questi verranno bloccati.<\/li><\/ol><ol start=\"5\"><li><strong>Diritto di revocare il consenso<br \/><\/strong>In ogni momento potrai revocare il consenso prestato per il trattamento dei tuoi dati, con effetto da quel momento.\u00a0<span style=\"font-size: inherit;\">Ci\u00f2 non pregiudicher\u00e0 la liceit\u00e0 del trattamento effettuato fino a quel momento.<\/span><\/li><\/ol><ol start=\"6\"><li><strong>Diritto di opposizione al trattamento dei tuoi dati<br \/><\/strong>Lei avr\u00e0 il diritto di opporsi in qualsiasi momento al trattamento dei Suoi dati personali effettuato secondo quanto previsto dall&#039;articolo 6, paragrafo 1, lettere e) ed f) del Regolamento (UE) 2016\/679.\u00a0<span style=\"font-size: inherit;\">In caso di opposizione, interromperemo il trattamento dei dati personali, a condizione che non sussistano motivi legittimi cogenti per continuare il trattamento.\u00a0<\/span><span style=\"font-size: inherit;\">Per noi il trattamento dei tuoi dati per finalit\u00e0 di marketing diretto non costituir\u00e0 mai un motivo legittimo prevalente.<\/span><\/li><\/ol><ol start=\"7\"><li><strong>Diritto alla portabilit\u00e0<br \/><\/strong>Se lo richiedi, metteremo a tua disposizione i tuoi dati personali in un formato strutturato, di uso comune e leggibile da dispositivo automatico.<\/li><\/ol><ol start=\"8\"><li><strong>Diritto di reclamo presso un&#039;autorit\u00e0 di controllo<br \/><\/strong>Puoi presentare un reclamo per la protezione dei dati all&#039;autorit\u00e0 di controllo competente. Per farlo, contatta l&#039;autorit\u00e0 per la protezione dei dati nel tuo luogo di residenza o l&#039;autorit\u00e0 per la protezione dei dati nella nostra giurisdizione (citata di seguito).\u00a0<strong style=\"font-size: inherit;\">Agenzia spagnola per la protezione dei dati (AEPD)\u00a0<\/strong><span style=\"font-size: inherit;\">\u00a0<\/span><a style=\"font-size: inherit;\" href=\"https:\/\/www.agpd.es\/\" target=\"_blank\" rel=\"noopener nofollow\">www.agpd.es\u00a0<\/a><\/li><\/ol><ol start=\"9\"><li><strong>Informazioni di contatto per qualsiasi domanda sulla protezione dei dati<br \/><\/strong>Se hai domande sulla protezione dei dati o sull&#039;esercizio dei tuoi diritti, puoi contattare direttamente il nostro Responsabile della protezione dei dati: SAIL EXPERIENCE HOLIDAY SL, Avda Monastery de Silos 53 Portal G 4A, 28049 Madrid e\u00a0<span style=\"font-size: inherit;\">INFO@SAILEXPERIENCEBCN .COM<\/span><\/li><\/ol><ol start=\"10\"><li><strong>Modifiche alla presente Informativa sulla Protezione dei Dati<br \/><\/strong>La presente informativa sulla protezione dei dati riflette l&#039;attuale forma di elaborazione dei dati sul nostro sito web.\u00a0<span style=\"font-size: inherit;\">In caso di modifiche al trattamento dei dati, la presente Informativa sulla protezione dei dati verr\u00e0 opportunamente aggiornata.\u00a0<\/span><span style=\"font-size: inherit;\">Sul nostro sito web offriamo sempre una versione aggiornata della presente Informativa sulla protezione dei dati, in modo che tu possa conoscere la portata del trattamento dei dati sul nostro sito web.\u00a0\u00a0<\/span><\/li><\/ol>\t\t\t\t\t\t\t\t<\/div>\n\t\t\t\t<\/div>\n\t\t\t\t\t<\/div>\n\t\t<\/div>\n\t\t\t\t\t<\/div>\n\t\t<\/section>\n\t\t\t\t<\/div>","protected":false},"excerpt":{"rendered":"<p>Trattamento dei dati dell&#039;utente: SAIL EXPERIENCE HOLIDAY SL inserir\u00e0 i dati forniti dall&#039;utente nei moduli e durante il processo di acquisto di qualsiasi prodotto in un file che avr\u00e0 tutte le misure di sicurezza necessarie richieste dalla normativa vigente in materia di protezione dei dati GDPR. SAIL EXPERIENCE HOLIDAY SL non trasferir\u00e0 n\u00e9 comunicher\u00e0 i dati raccolti a... <a title=\"politica sulla riservatezza\" class=\"read-more\" href=\"https:\/\/boattripbarcelona.com\/it\/politica-sulla-riservatezza\/\" aria-label=\"Per saperne di pi\u00f9 su Privacy Policy\">Leggi tutto<\/a><\/p>","protected":false},"author":1,"featured_media":0,"parent":0,"menu_order":0,"comment_status":"closed","ping_status":"open","template":"","meta":{"footnotes":""},"class_list":["post-3","page","type-page","status-publish"],"jetpack_sharing_enabled":true,"_links":{"self":[{"href":"https:\/\/boattripbarcelona.com\/it\/wp-json\/wp\/v2\/pages\/3","targetHints":{"allow":["GET"]}}],"collection":[{"href":"https:\/\/boattripbarcelona.com\/it\/wp-json\/wp\/v2\/pages"}],"about":[{"href":"https:\/\/boattripbarcelona.com\/it\/wp-json\/wp\/v2\/types\/page"}],"author":[{"embeddable":true,"href":"https:\/\/boattripbarcelona.com\/it\/wp-json\/wp\/v2\/users\/1"}],"replies":[{"embeddable":true,"href":"https:\/\/boattripbarcelona.com\/it\/wp-json\/wp\/v2\/comments?post=3"}],"version-history":[{"count":0,"href":"https:\/\/boattripbarcelona.com\/it\/wp-json\/wp\/v2\/pages\/3\/revisions"}],"wp:attachment":[{"href":"https:\/\/boattripbarcelona.com\/it\/wp-json\/wp\/v2\/media?parent=3"}],"curies":[{"name":"parola chiave","href":"https:\/\/api.w.org\/{rel}","templated":true}]}}