{"id":34,"date":"2022-08-08T22:36:30","date_gmt":"2022-08-08T22:36:30","guid":{"rendered":"https:\/\/stage.boattripbarcelona.com\/?page_id=34"},"modified":"2022-11-03T20:30:22","modified_gmt":"2022-11-03T20:30:22","slug":"sostenibilita","status":"publish","type":"page","link":"https:\/\/boattripbarcelona.com\/it\/sostenibilita\/","title":{"rendered":"Sostenibilit\u00e0"},"content":{"rendered":"<div data-elementor-type=\"wp-page\" data-elementor-id=\"34\" class=\"elementor elementor-34\" data-elementor-settings=\"{&quot;ha_cmc_init_switcher&quot;:&quot;no&quot;}\" data-elementor-post-type=\"page\">\n\t\t\t\t\t\t<section class=\"elementor-section elementor-top-section elementor-element elementor-element-386f4a7 elementor-section-height-min-height elementor-section-boxed elementor-section-height-default elementor-section-items-middle\" data-id=\"386f4a7\" data-element_type=\"section\" data-e-type=\"section\" data-settings=\"{&quot;background_background&quot;:&quot;classic&quot;,&quot;_ha_eqh_enable&quot;:false}\">\n\t\t\t\t\t\t\t<div class=\"elementor-background-overlay\"><\/div>\n\t\t\t\t\t\t\t<div class=\"elementor-container elementor-column-gap-default\">\n\t\t\t\t\t<div class=\"elementor-column elementor-col-100 elementor-top-column elementor-element elementor-element-9ab08ad\" data-id=\"9ab08ad\" data-element_type=\"column\" data-e-type=\"column\">\n\t\t\t<div class=\"elementor-widget-wrap elementor-element-populated\">\n\t\t\t\t\t\t<div class=\"elementor-element elementor-element-098d595 elementor-widget elementor-widget-heading\" data-id=\"098d595\" data-element_type=\"widget\" data-e-type=\"widget\" data-widget_type=\"heading.default\">\n\t\t\t\t<div class=\"elementor-widget-container\">\n\t\t\t\t\t<h1 class=\"elementor-heading-title elementor-size-default\">Sostenibilit\u00e0<\/h1>\t\t\t\t<\/div>\n\t\t\t\t<\/div>\n\t\t\t\t<div class=\"elementor-element elementor-element-b163ac4 breadcrumbs elementor-widget elementor-widget-shortcode\" data-id=\"b163ac4\" data-element_type=\"widget\" data-e-type=\"widget\" data-widget_type=\"shortcode.default\">\n\t\t\t\t<div class=\"elementor-widget-container\">\n\t\t\t\t\t\t\t<div class=\"elementor-shortcode\"><nav aria-label=\"briciole di pane\" class=\"rank-math-breadcrumb\"><p><span class=\"last\">Casa<\/span><\/p><\/nav><\/div>\n\t\t\t\t\t\t<\/div>\n\t\t\t\t<\/div>\n\t\t\t\t<div class=\"elementor-element elementor-element-889e306 elementor-widget elementor-widget-text-editor\" data-id=\"889e306\" data-element_type=\"widget\" data-e-type=\"widget\" data-widget_type=\"text-editor.default\">\n\t\t\t\t<div class=\"elementor-widget-container\">\n\t\t\t\t\t\t\t\t\tL&#039;oceano \u00e8 uno dei luoghi pi\u00f9 importanti del pianeta Terra e ospita migliaia di specie diverse di piante e animali.\t\t\t\t\t\t\t\t<\/div>\n\t\t\t\t<\/div>\n\t\t\t\t\t<\/div>\n\t\t<\/div>\n\t\t\t\t\t<\/div>\n\t\t<\/section>\n\t\t\t\t<section class=\"elementor-section elementor-top-section elementor-element elementor-element-5261114 elementor-section-boxed elementor-section-height-default elementor-section-height-default\" data-id=\"5261114\" data-element_type=\"section\" data-e-type=\"section\" data-settings=\"{&quot;_ha_eqh_enable&quot;:false}\">\n\t\t\t\t\t\t<div class=\"elementor-container elementor-column-gap-default\">\n\t\t\t\t\t<div class=\"elementor-column elementor-col-100 elementor-top-column elementor-element elementor-element-4e604e9\" data-id=\"4e604e9\" data-element_type=\"column\" data-e-type=\"column\">\n\t\t\t<div class=\"elementor-widget-wrap elementor-element-populated\">\n\t\t\t\t\t\t<div class=\"elementor-element elementor-element-c0083db elementor-widget elementor-widget-text-editor\" data-id=\"c0083db\" data-element_type=\"widget\" data-e-type=\"widget\" data-widget_type=\"text-editor.default\">\n\t\t\t\t<div class=\"elementor-widget-container\">\n\t\t\t\t\t\t\t\t\tSpesso parliamo di mare e oceano come se fossero intercambiabili, ma in realt\u00e0 non sono la stessa cosa. Mentre l&#039;oceano \u00e8 l&#039;intera massa d&#039;acqua che circonda la terra sulla Terra, un mare \u00e8 una sezione pi\u00f9 piccola dell&#039;oceano che \u00e8 normalmente contenuta dalla terra in una certa misura.\t\t\t\t\t\t\t\t<\/div>\n\t\t\t\t<\/div>\n\t\t\t\t<div class=\"elementor-element elementor-element-810d081 elementor-widget elementor-widget-heading\" data-id=\"810d081\" data-element_type=\"widget\" data-e-type=\"widget\" data-widget_type=\"heading.default\">\n\t\t\t\t<div class=\"elementor-widget-container\">\n\t\t\t\t\t<h2 class=\"elementor-heading-title elementor-size-default\">Perch\u00e9 gli oceani sono importanti? <\/h2>\t\t\t\t<\/div>\n\t\t\t\t<\/div>\n\t\t\t\t<div class=\"elementor-element elementor-element-e4efe54 elementor-widget elementor-widget-text-editor\" data-id=\"e4efe54\" data-element_type=\"widget\" data-e-type=\"widget\" data-widget_type=\"text-editor.default\">\n\t\t\t\t<div class=\"elementor-widget-container\">\n\t\t\t\t\t\t\t\t\tGli oceani sono estremamente importanti per molte ragioni, ma le divideremo in tre categorie principali: il clima, gli ecosistemi della Terra e le nostre economie e mezzi di sostentamento. Questo non sar\u00e0 un elenco esaustivo, ma potrebbe aiutarti a capire perch\u00e9 gli oceani sono cos\u00ec vitali.\t\t\t\t\t\t\t\t<\/div>\n\t\t\t\t<\/div>\n\t\t\t\t<div class=\"elementor-element elementor-element-6a46081 elementor-widget elementor-widget-heading\" data-id=\"6a46081\" data-element_type=\"widget\" data-e-type=\"widget\" data-widget_type=\"heading.default\">\n\t\t\t\t<div class=\"elementor-widget-container\">\n\t\t\t\t\t<h2 class=\"elementor-heading-title elementor-size-default\">Clima<\/h2>\t\t\t\t<\/div>\n\t\t\t\t<\/div>\n\t\t\t\t<div class=\"elementor-element elementor-element-bfca0a6 elementor-widget elementor-widget-text-editor\" data-id=\"bfca0a6\" data-element_type=\"widget\" data-e-type=\"widget\" data-widget_type=\"text-editor.default\">\n\t\t\t\t<div class=\"elementor-widget-container\">\n\t\t\t\t\t\t\t\t\t<p>Forse hai gi\u00e0 sentito dire che il riscaldamento dell&#039;oceano \u00e8 un fattore importante del cambiamento climatico, ma approfondiremo questo argomento in modo pi\u00f9 approfondito. L&#039;oceano ha propriet\u00e0 assorbenti, paragonabili a una spugna, il che significa che pu\u00f2 assorbire il calore in eccesso nel sistema climatico. Sebbene questa sia una qualit\u00e0 molto utile, significa anche che la temperatura del mare \u00e8 aumentata di quasi 1 grado Celsius nell&#039;ultimo secolo.<\/p><p>L&#039;oceano \u00e8 un ecosistema essenziale e qualsiasi modifica al suo stato naturale pu\u00f2 avere conseguenze negative sulla fauna selvatica.<\/p><p>A un livello pi\u00f9 umano, l&#039;oceano \u00e8 anche una risorsa incredibile per la nostra salute fisica e mentale. Trascorrere del tempo vicino e dentro il mare \u00e8 un processo rilassante, stimolante e a volte curativo.<\/p><p>La sostenibilit\u00e0 degli oceani riguarda l&#039;approccio alla gestione degli oceani in un modo che li protegga e i servizi che forniscono. Gli oceani sono essenziali per il pianeta Terra e le aree costiere, in particolare, contengono un&#039;ampia gamma di habitat ed ecosistemi diversi.<\/p>\t\t\t\t\t\t\t\t<\/div>\n\t\t\t\t<\/div>\n\t\t\t\t<div class=\"elementor-element elementor-element-4d8e3b3 elementor-widget elementor-widget-heading\" data-id=\"4d8e3b3\" data-element_type=\"widget\" data-e-type=\"widget\" data-widget_type=\"heading.default\">\n\t\t\t\t<div class=\"elementor-widget-container\">\n\t\t\t\t\t<h2 class=\"elementor-heading-title elementor-size-default\">Esistono gi\u00e0 aree protette in alto mare a livello internazionale?<\/h2>\t\t\t\t<\/div>\n\t\t\t\t<\/div>\n\t\t\t\t<div class=\"elementor-element elementor-element-ee24a43 elementor-widget elementor-widget-text-editor\" data-id=\"ee24a43\" data-element_type=\"widget\" data-e-type=\"widget\" data-widget_type=\"text-editor.default\">\n\t\t\t\t<div class=\"elementor-widget-container\">\n\t\t\t\t\t\t\t\t\t<p>L&#039;istituzione di aree protette in acque internazionali \u00e8 ancora scarsamente regolamentata dal diritto del mare. Attualmente non esiste alcuna istituzione con poteri per proteggere un&#039;area marittima internazionale dall&#039;alto al basso; in altre parole, dalla superficie dell&#039;acqua al fondale marino. N\u00e9 esiste alcun quadro giuridico in cui gli stati possano raggiungere un accordo vincolante per proteggere e astenersi dall&#039;utilizzare un&#039;area specifica del mare. Alcuni stati costieri hanno istituito aree protette nelle loro acque nazionali, ma attualmente non esistono accordi del genere in alto mare.<\/p>\t\t\t\t\t\t\t\t<\/div>\n\t\t\t\t<\/div>\n\t\t\t\t<div class=\"elementor-element elementor-element-a9d35c1 elementor-widget elementor-widget-heading\" data-id=\"a9d35c1\" data-element_type=\"widget\" data-e-type=\"widget\" data-widget_type=\"heading.default\">\n\t\t\t\t<div class=\"elementor-widget-container\">\n\t\t\t\t\t<h2 class=\"elementor-heading-title elementor-size-default\">Come venne infine regolamentata la pesca in Europa?<\/h2>\t\t\t\t<\/div>\n\t\t\t\t<\/div>\n\t\t\t\t<div class=\"elementor-element elementor-element-99d971b elementor-widget elementor-widget-text-editor\" data-id=\"99d971b\" data-element_type=\"widget\" data-e-type=\"widget\" data-widget_type=\"text-editor.default\">\n\t\t\t\t<div class=\"elementor-widget-container\">\n\t\t\t\t\t\t\t\t\t<p>Per molti anni, la flotta peschereccia dell&#039;UE \u00e8 stata decisamente troppo grande, ma c&#039;era una veemente opposizione a qualsiasi restrizione alla pesca da parte dei politici desiderosi di non perdere voti, soprattutto nelle regioni strutturalmente deboli. Di conseguenza, i totali ammissibili di cattura (TAC) annuali stabiliti dai ministri della pesca per le varie specie erano molto pi\u00f9 alti di quelli raccomandati dagli scienziati della pesca, con conseguente progressivo sovrasfruttamento di molti stock nelle acque dell&#039;UE. Con la nuova politica comune della pesca (PCP) dell&#039;Unione europea, la pesca nell&#039;UE sar\u00e0 d&#039;ora in poi basata sul rendimento massimo sostenibile (MSY). Il MSY \u00e8 la cattura massima che pu\u00f2 essere prelevata dallo stock di una specie in un periodo indefinito senza compromettere la produttivit\u00e0 di tale stock. L&#039;obiettivo \u00e8 regolamentare la pesca in un modo che consenta agli stock ittici di riprendersi, consentendo loro di essere pescati a un livello ottimale in futuro. Sebbene le discussioni su come la nuova politica della pesca dovrebbe essere implementata giorno per giorno siano ancora in corso, un inizio \u00e8 stato fatto.<\/p>\t\t\t\t\t\t\t\t<\/div>\n\t\t\t\t<\/div>\n\t\t\t\t<div class=\"elementor-element elementor-element-cfe4c1f elementor-widget elementor-widget-heading\" data-id=\"cfe4c1f\" data-element_type=\"widget\" data-e-type=\"widget\" data-widget_type=\"heading.default\">\n\t\t\t\t<div class=\"elementor-widget-container\">\n\t\t\t\t\t<h2 class=\"elementor-heading-title elementor-size-default\">Problemi attuali che interessano gli oceani e la sostenibilit\u00e0 <\/h2>\t\t\t\t<\/div>\n\t\t\t\t<\/div>\n\t\t\t\t<div class=\"elementor-element elementor-element-32e9c6c elementor-widget elementor-widget-text-editor\" data-id=\"32e9c6c\" data-element_type=\"widget\" data-e-type=\"widget\" data-widget_type=\"text-editor.default\">\n\t\t\t\t<div class=\"elementor-widget-container\">\n\t\t\t\t\t\t\t\t\t<p>Ci sono diversi problemi significativi che stanno influenzando l&#039;oceano in questo momento. Sono tutte cose che dobbiamo affrontare di petto e cercare di trovare soluzioni per il futuro se vogliamo avere un oceano sostenibile. Di seguito, descriviamo alcuni dei problemi pi\u00f9 urgenti che le nostre acque devono affrontare.<\/p>\t\t\t\t\t\t\t\t<\/div>\n\t\t\t\t<\/div>\n\t\t\t\t<div class=\"elementor-element elementor-element-285047a elementor-widget elementor-widget-heading\" data-id=\"285047a\" data-element_type=\"widget\" data-e-type=\"widget\" data-widget_type=\"heading.default\">\n\t\t\t\t<div class=\"elementor-widget-container\">\n\t\t\t\t\t<h3 class=\"elementor-heading-title elementor-size-default\">Pesca eccessiva <\/h3>\t\t\t\t<\/div>\n\t\t\t\t<\/div>\n\t\t\t\t<div class=\"elementor-element elementor-element-1a016a0 elementor-widget elementor-widget-text-editor\" data-id=\"1a016a0\" data-element_type=\"widget\" data-e-type=\"widget\" data-widget_type=\"text-editor.default\">\n\t\t\t\t<div class=\"elementor-widget-container\">\n\t\t\t\t\t\t\t\t\t<p>La pesca eccessiva pu\u00f2 ovviamente essere devastante per gli ecosistemi marini. C&#039;\u00e8 molta cattura accessoria, ovvero quando creature marine indesiderate vengono catturate accidentalmente durante la pesca di specie diverse. Ci\u00f2 porta a molte perdite di vite umane inutili e non necessarie. Inoltre, la pesca eccessiva \u00e8 dannosa per i mezzi di sostentamento di molte persone. Gran parte della popolazione mondiale fa affidamento sul pesce per le proteine, ma sta diventando sempre pi\u00f9 difficile accedervi.<\/p>\t\t\t\t\t\t\t\t<\/div>\n\t\t\t\t<\/div>\n\t\t\t\t<div class=\"elementor-element elementor-element-7ba7a09 elementor-widget elementor-widget-heading\" data-id=\"7ba7a09\" data-element_type=\"widget\" data-e-type=\"widget\" data-widget_type=\"heading.default\">\n\t\t\t\t<div class=\"elementor-widget-container\">\n\t\t\t\t\t<h3 class=\"elementor-heading-title elementor-size-default\">Inquinamento chimico<\/h3>\t\t\t\t<\/div>\n\t\t\t\t<\/div>\n\t\t\t\t<div class=\"elementor-element elementor-element-b75eaba elementor-widget elementor-widget-text-editor\" data-id=\"b75eaba\" data-element_type=\"widget\" data-e-type=\"widget\" data-widget_type=\"text-editor.default\">\n\t\t\t\t<div class=\"elementor-widget-container\">\n\t\t\t\t\t\t\t\t\t<ul><li><strong>Input diretto.\u00a0<\/strong>Questo avviene quando i rifiuti vengono scaricati direttamente nell&#039;oceano, che provengano da una fuoriuscita di petrolio o dallo smaltimento delle acque reflue. Sebbene l&#039;oceano sia immenso e molti rifiuti si disperdano uniformemente nell&#039;oceano, alcune sostanze chimiche sono idrofobiche. Ci\u00f2 significa che potrebbero legarsi al fondale oceanico e rimanervi per secoli.<\/li><li><strong>Deposizione atmosferica.\u00a0<\/strong>Molte sostanze chimiche vengono rilasciate nell&#039;aria e sono note come sostanze chimiche volatili. Quando ci sono cambiamenti meteorologici nella pressione atmosferica, nell&#039;umidit\u00e0 o nella pioggia, alcune sostanze chimiche possono depositarsi sulla superficie terrestre, incluso l&#039;oceano.<\/li><li><strong>Esposizione indiretta.\u00a0<\/strong>Esistono molti tipi diversi di esposizione chimica indiretta. Ci\u00f2 pu\u00f2 includere pesticidi ed erbicidi che scorrono dalla terraferma verso il mare o l&#039;acqua di ruscellamento delle inondazioni che finisce nell&#039;oceano.<\/li><\/ul>\t\t\t\t\t\t\t\t<\/div>\n\t\t\t\t<\/div>\n\t\t\t\t<div class=\"elementor-element elementor-element-dc68e62 elementor-widget elementor-widget-heading\" data-id=\"dc68e62\" data-element_type=\"widget\" data-e-type=\"widget\" data-widget_type=\"heading.default\">\n\t\t\t\t<div class=\"elementor-widget-container\">\n\t\t\t\t\t<h3 class=\"elementor-heading-title elementor-size-default\">Livelli di carbonio <\/h3>\t\t\t\t<\/div>\n\t\t\t\t<\/div>\n\t\t\t\t<div class=\"elementor-element elementor-element-59beb66 elementor-widget elementor-widget-text-editor\" data-id=\"59beb66\" data-element_type=\"widget\" data-e-type=\"widget\" data-widget_type=\"text-editor.default\">\n\t\t\t\t<div class=\"elementor-widget-container\">\n\t\t\t\t\t\t\t\t\t<p>Un aumento di carbonio nell&#039;oceano determina un aumento di ioni idrogeno e un pH pi\u00f9 basso. Questo processo \u00e8 chiamato acidificazione degli oceani e ha molte ripercussioni negative sulla vita marina. Un esempio \u00e8 che i molluschi e i coralli trovano pi\u00f9 difficile costruire e mantenere i loro gusci, scheletri o strutture.<\/p>\t\t\t\t\t\t\t\t<\/div>\n\t\t\t\t<\/div>\n\t\t\t\t<div class=\"elementor-element elementor-element-107faf2 elementor-widget elementor-widget-heading\" data-id=\"107faf2\" data-element_type=\"widget\" data-e-type=\"widget\" data-widget_type=\"heading.default\">\n\t\t\t\t<div class=\"elementor-widget-container\">\n\t\t\t\t\t<h3 class=\"elementor-heading-title elementor-size-default\">Perdita e danno dell&#039;habitat<\/h3>\t\t\t\t<\/div>\n\t\t\t\t<\/div>\n\t\t\t\t<div class=\"elementor-element elementor-element-dd9f512 elementor-widget elementor-widget-text-editor\" data-id=\"dd9f512\" data-element_type=\"widget\" data-e-type=\"widget\" data-widget_type=\"text-editor.default\">\n\t\t\t\t<div class=\"elementor-widget-container\">\n\t\t\t\t\t\t\t\t\t<ul><li>L\u2019inquinamento causato da fabbriche e citt\u00e0 sta danneggiando le barriere coralline, gli uccelli e i pesci<\/li><li>Le zone umide vengono riempite per scopi di sviluppo<\/li><li>Le dighe interne stanno bloccando le rotte migratorie dei pesci<\/li><li>La deforestazione sta provocando l&#039;erosione del suolo e bloccando la luce solare dalle barriere coralline<\/li><li>Le tecniche di pesca distruttive come l&#039;avvelenamento stanno distruggendo gli habitat<\/li><li>Le imbarcazioni turistiche e i subacquei stanno danneggiando le fragili barriere coralline e gli ecosistemi oceanici<\/li><\/ul>\t\t\t\t\t\t\t\t<\/div>\n\t\t\t\t<\/div>\n\t\t\t\t<div class=\"elementor-element elementor-element-adb7d2c elementor-widget elementor-widget-heading\" data-id=\"adb7d2c\" data-element_type=\"widget\" data-e-type=\"widget\" data-widget_type=\"heading.default\">\n\t\t\t\t<div class=\"elementor-widget-container\">\n\t\t\t\t\t<h3 class=\"elementor-heading-title elementor-size-default\">Come possiamo aiutare gli oceani <\/h3>\t\t\t\t<\/div>\n\t\t\t\t<\/div>\n\t\t\t\t<div class=\"elementor-element elementor-element-10f3d2c elementor-widget elementor-widget-text-editor\" data-id=\"10f3d2c\" data-element_type=\"widget\" data-e-type=\"widget\" data-widget_type=\"text-editor.default\">\n\t\t\t\t<div class=\"elementor-widget-container\">\n\t\t\t\t\t\t\t\t\t<p>A livello individuale, suggeriscono che possiamo riciclare i nostri rifiuti, volare meno frequentemente, mangiare pesce etico e di provenienza locale, smettere di usare la plastica monouso e offrirci volontari per pulire le nostre spiagge e i nostri oceani.<\/p><p>Si raccomanda di acquistare nei mercati locali per evitare ulteriori spedizioni, il che potrebbe ridurre le emissioni di CO2 e di altre sostanze; acquistare prodotti locali aiuta a prevenire le emissioni.<\/p>\t\t\t\t\t\t\t\t<\/div>\n\t\t\t\t<\/div>\n\t\t\t\t<div class=\"elementor-element elementor-element-aad9ee2 elementor-widget elementor-widget-html\" data-id=\"aad9ee2\" data-element_type=\"widget\" data-e-type=\"widget\" data-widget_type=\"html.default\">\n\t\t\t\t<div class=\"elementor-widget-container\">\n\t\t\t\t\t\r\n<div data-wp-interactive=\"core\/file\" class=\"wp-block-file\"><object data-wp-bind--hidden=\"!state.hasPdfPreview\" hidden class=\"wp-block-file__embed\" data=\"https:\/\/boattripbarcelona.com\/wp-content\/uploads\/2021\/12\/Verde-Amarillo-Gota-Bombilla-Coche-Sol-Rama-Cambio-Climatico-Infografia.pdf\" type=\"application\/pdf\" style=\"width:100%;height:600px\" aria-label=\"Incorporamento di Incrustado de Preventclimetachange..\"><\/object><a id=\"wp-block-file--media-71d77dee-d8fd-4a34-92ee-b91499cd721f\" href=\"https:\/\/boattripbarcelona.com\/wp-content\/uploads\/2021\/12\/Verde-Amarillo-Gota-Bombilla-Coche-Sol-Rama-Cambio-Climatico-Infografia.pdf\">Prevenire il cambiamento climatico<\/a><a href=\"https:\/\/boattripbarcelona.com\/wp-content\/uploads\/2021\/12\/Verde-Amarillo-Gota-Bombilla-Coche-Sol-Rama-Cambio-Climatico-Infografia.pdf\" class=\"wp-block-file__button\" download aria-describedby=\"wp-block-file--media-71d77dee-d8fd-4a34-92ee-b91499cd721f\">Scarica<\/a><\/div>\r\n\r\n<div class=\"wp-block-file\"><a id=\"wp-block-file--media-e13511b2-05d8-4d9e-96fb-cebbc1cc0229\" href=\"https:\/\/boattripbarcelona.com\/wp-content\/uploads\/2021\/12\/policies.docx\">Politiche di responsabilit\u00e0<\/a><a href=\"https:\/\/boattripbarcelona.com\/wp-content\/uploads\/2021\/12\/policies.docx\" class=\"wp-block-file__button\" download aria-describedby=\"wp-block-file--media-e13511b2-05d8-4d9e-96fb-cebbc1cc0229\">Scarica<\/a><\/div>\r\n\r\n\t\t\t\t<\/div>\n\t\t\t\t<\/div>\n\t\t\t\t\t<\/div>\n\t\t<\/div>\n\t\t\t\t\t<\/div>\n\t\t<\/section>\n\t\t\t\t<\/div>","protected":false},"excerpt":{"rendered":"<p>Sostenibilit\u00e0 L&#039;oceano \u00e8 uno dei luoghi pi\u00f9 importanti del pianeta Terra e ospita migliaia di specie vegetali e animali diverse. Spesso parliamo di mare e oceano come se fossero intercambiabili, ma in realt\u00e0 non sono la stessa cosa. Mentre l&#039;oceano \u00e8 l&#039;intera massa d&#039;acqua che circonda le terre emerse, un mare... <a title=\"Sostenibilit\u00e0\" class=\"read-more\" href=\"https:\/\/boattripbarcelona.com\/it\/sostenibilita\/\" aria-label=\"Per saperne di pi\u00f9 su Sostenibilit\u00e0\">Leggi tutto<\/a><\/p>","protected":false},"author":1,"featured_media":0,"parent":0,"menu_order":0,"comment_status":"closed","ping_status":"closed","template":"","meta":{"footnotes":""},"class_list":["post-34","page","type-page","status-publish"],"jetpack_sharing_enabled":true,"_links":{"self":[{"href":"https:\/\/boattripbarcelona.com\/it\/wp-json\/wp\/v2\/pages\/34","targetHints":{"allow":["GET"]}}],"collection":[{"href":"https:\/\/boattripbarcelona.com\/it\/wp-json\/wp\/v2\/pages"}],"about":[{"href":"https:\/\/boattripbarcelona.com\/it\/wp-json\/wp\/v2\/types\/page"}],"author":[{"embeddable":true,"href":"https:\/\/boattripbarcelona.com\/it\/wp-json\/wp\/v2\/users\/1"}],"replies":[{"embeddable":true,"href":"https:\/\/boattripbarcelona.com\/it\/wp-json\/wp\/v2\/comments?post=34"}],"version-history":[{"count":0,"href":"https:\/\/boattripbarcelona.com\/it\/wp-json\/wp\/v2\/pages\/34\/revisions"}],"wp:attachment":[{"href":"https:\/\/boattripbarcelona.com\/it\/wp-json\/wp\/v2\/media?parent=34"}],"curies":[{"name":"parola chiave","href":"https:\/\/api.w.org\/{rel}","templated":true}]}}